{"id":412102,"date":"2023-09-28T12:00:30","date_gmt":"2023-09-28T10:00:30","guid":{"rendered":"https:\/\/blog.tui.info\/?page_id=389548"},"modified":"2025-01-30T14:25:15","modified_gmt":"2025-01-30T13:25:15","slug":"kultur","status":"publish","type":"page","link":"https:\/\/www.tui.com\/blog\/kultur\/","title":{"rendered":"Kultur"},"content":{"rendered":"<div class=\"gb-container gb-container-af47a24d\"><div class=\"gb-inside-container\">\n<div class=\"gb-container gb-container-5c7c3cd9\"><div class=\"gb-inside-container\">\n<div class=\"gb-grid-wrapper gb-grid-wrapper-4674d008\">\n<div class=\"gb-grid-column gb-grid-column-e5cdbe06\"><div class=\"gb-container gb-container-e5cdbe06\">\n\n<h2 class=\"gb-headline gb-headline-3528e644 gb-headline-text\">St\u00e4dtetrips, Sehensw\u00fcrdigkeiten und Events<\/h2>\n\n\n\n<p class=\"has-text-align-center\"><strong><br><\/strong>Granadas Alhambra und der Leipziger Zoo sagen dir noch nicht besonders viel? Dann wird es aber Zeit, dass du in dieser Kategorie ausgiebig schm\u00f6ckerst. Begib dich mit unseren Autoren auf eine faszinierende Reise zu tollen <strong>St\u00e4dten und Sehensw\u00fcrdigkeiten<\/strong>, feiere mit auf gem\u00fctlichen Weihnachtsm\u00e4rkten und Oktoberfesten oder lass dich von der magischen Welt von Harry Potter und Disney verzaubern. Staubtrockene St\u00e4dtetripps waren gestern \u2013 hier bekommst du Geheimtipps und Urlaubsinfos rund um das Thema <strong>Kultur<\/strong>!<\/p>\n\n<\/div><\/div>\n\n<div class=\"gb-grid-column gb-grid-column-d380042d\"><div class=\"gb-container gb-container-d380042d\">\n<div class=\"wp-block-image\">\n<figure class=\"aligncenter size-full is-resized\"><img decoding=\"async\" src=\"https:\/\/www.tui.com\/blog\/wp-content\/uploads\/2023\/09\/icon-monument.svg\" alt=\"\" class=\"wp-image-412148\" style=\"width:115px\"\/><\/figure>\n<\/div>\n<\/div><\/div>\n<\/div>\n<\/div><\/div>\n<\/div><\/div>\n\n<div class=\"gb-container gb-container-86c519b2\">\n\n<h2 class=\"gb-headline gb-headline-dc039d34 gb-headline-text\">Unsere Top Artikel<\/h2>\n\n\n    <div class=\"toparticle-item toparticle-block\">\r\n        <div class=\"row\">\r\n                            <article class=\"toparticle\" style=\"background-image: url('https:\/\/www.tui.com\/blog\/wp-content\/uploads\/2023\/04\/belgien-bruegge-kanal-shutterstock-beitragsbild-1197684388-napa.jpg')\" role=\"img\" aria-label=\"Wohin im Herbst?\">\r\n                    <a href=\"https:\/\/www.tui.com\/blog\/tolle-staedtetrips-fuer-den-herbst-teil-1\/\" target=\"https:\/\/www.tui.com\/blog\/tolle-staedtetrips-fuer-den-herbst-teil-1\/\" class=\"toparticle-gradient\" aria-label=\"Top Article Link\"><\/a>\r\n                                            <div class=\"toparticle-panel \">\r\n                            <p class=\"toparticle-title\">Wohin im Herbst?<\/p>\r\n                            <p class=\"toparticle-subtitle\">Die besten St\u00e4dtetrips<\/p>                        <\/div>\r\n                                    <\/article>\r\n                            <article class=\"toparticle\" style=\"background-image: url('https:\/\/www.tui.com\/blog\/wp-content\/uploads\/2023\/04\/bergseen-deutschland-koenigsee-bayern-beitragsbild-shutterstock-1011128812-Max.jpg')\" role=\"img\" aria-label=\"Bergseen in Deutschland\">\r\n                    <a href=\"https:\/\/www.tui.com\/blog\/bergseen-deutschland\/\" target=\"https:\/\/www.tui.com\/blog\/bergseen-deutschland\/\" class=\"toparticle-gradient\" aria-label=\"Top Article Link\"><\/a>\r\n                                            <div class=\"toparticle-panel \">\r\n                            <p class=\"toparticle-title\">Bergseen in Deutschland<\/p>\r\n                            <p class=\"toparticle-subtitle\">Unsere TOP 5<\/p>                        <\/div>\r\n                                    <\/article>\r\n                    <\/div>\r\n    <\/div>\r\n\n<\/div>\n\n<div class=\"gb-container gb-container-0471e53d\"><div class=\"gb-inside-container\">\n<section class=\"article-block container\">\r\n\r\n    <h2>Unsere neusten Kultur-Artikel<\/h2>\r\n            <div class=\"highlighted-article\" id=\"\">\r\n            \r\n                                    \r\n        <\/div>\r\n    \r\n<\/section>\n<\/div><\/div>\n\n<div class=\"gb-container gb-container-e990a9b7\">\n<div class=\"gb-button-wrapper gb-button-wrapper-667eabda\">\n\n<a class=\"gb-button gb-button-47db0ba3 gb-button-text tui-btn\" href=\"https:\/\/www.tui.com\/blog\/archiv-kultur\/page\/2\/\">Alle ansehen<\/a>\n\n<\/div>\n<\/div>\n\n<div class=\"gb-container gb-container-7756686b\"><div class=\"gb-inside-container\">\n<div class=\"gb-container gb-container-929eed9e\"><div class=\"gb-inside-container\"><\/div><\/div>\n<\/div><\/div>\n\n<div class=\"gb-container gb-container-f1b4b9c6\"><div class=\"gb-inside-container\">\n\n<h2 class=\"gb-headline gb-headline-db235040 gb-headline-text\">Unsere beliebtesten St\u00e4dte auf dem TUI.com Blog<\/h2>\n\n\n    <div class=\"teaser-item teaser-block\">\r\n        <div class=\"row\">\r\n                            <article class=\"teaserbox\" style=\"background-image: url('https:\/\/www.tui.com\/blog\/wp-content\/uploads\/2023\/09\/new-york-teaser-AdobeStock_126216157.jpg')\">\r\n                    <a href=\"https:\/\/www.tui.com\/blog\/tag\/new-york\/\" target=\"_self\"\r\n                       class=\"teaserbox-gradient\"\r\n                       aria-label=\"New York\"><\/a>\r\n                                            <div class=\"teaser-panel\">\r\n                            <p class=\"teaserbox-title\">New York<\/p>\r\n                        <\/div>\r\n                                    <\/article>\r\n                            <article class=\"teaserbox\" style=\"background-image: url('https:\/\/www.tui.com\/blog\/wp-content\/uploads\/2023\/09\/london-teaser-AdobeStock_34578230.jpg')\">\r\n                    <a href=\"https:\/\/www.tui.com\/blog\/tag\/london\/\" target=\"_blank\"\r\n                       class=\"teaserbox-gradient\"\r\n                       aria-label=\"London\"><\/a>\r\n                                            <div class=\"teaser-panel\">\r\n                            <p class=\"teaserbox-title\">London<\/p>\r\n                        <\/div>\r\n                                    <\/article>\r\n                            <article class=\"teaserbox\" style=\"background-image: url('https:\/\/www.tui.com\/blog\/wp-content\/uploads\/2023\/09\/palma-mallorca-teaser-AdobeStock_319307235.jpg')\">\r\n                    <a href=\"https:\/\/www.tui.com\/blog\/tag\/palma-de-mallorca\/\" target=\"_blank\"\r\n                       class=\"teaserbox-gradient\"\r\n                       aria-label=\"Palma\"><\/a>\r\n                                            <div class=\"teaser-panel\">\r\n                            <p class=\"teaserbox-title\">Palma<\/p>\r\n                        <\/div>\r\n                                    <\/article>\r\n                            <article class=\"teaserbox\" style=\"background-image: url('https:\/\/www.tui.com\/blog\/wp-content\/uploads\/2023\/09\/dresden-teaser-AdobeStock_151210161.jpg')\">\r\n                    <a href=\"https:\/\/www.tui.com\/blog\/die-top-10-dresden-sehenswuerdigkeiten\/\" target=\"_blank\"\r\n                       class=\"teaserbox-gradient\"\r\n                       aria-label=\"Dresden\"><\/a>\r\n                                            <div class=\"teaser-panel\">\r\n                            <p class=\"teaserbox-title\">Dresden<\/p>\r\n                        <\/div>\r\n                                    <\/article>\r\n                    <\/div>\r\n    <\/div>\r\n\n<\/div><\/div>\n\n<div class=\"gb-container gb-container-ce7e561e\"><div class=\"gb-inside-container\">\n\n<h2 class=\"gb-headline gb-headline-735fafd4 gb-headline-text\">Ideen f\u00fcr den n\u00e4chsten St\u00e4dtetrip<\/h2>\n\n\n<section class=\"article-block container\">\r\n\r\n    \r\n                        \r\n<\/section>\n<\/div><\/div>\n\n<div class=\"gb-container gb-container-5074aecd\"><div class=\"gb-inside-container\">\n<div class=\"gb-button-wrapper gb-button-wrapper-02fdb816\">\n\n<a class=\"gb-button gb-button-bcac2229 gb-button-text tui-btn\" href=\"https:\/\/www.tui.com\/blog\/tag\/staedtetrip\/\">Alle ansehen<\/a>\n\n<\/div>\n<\/div><\/div>\n\n<div class=\"gb-container gb-container-51c4674a\"><div class=\"gb-inside-container\">\n<div class=\"gb-container gb-container-0154bb28\"><div class=\"gb-inside-container\"><\/div><\/div>\n<\/div><\/div>\n\n<div class=\"gb-container gb-container-9fbcf051\"><div class=\"gb-inside-container\">\n\n<h2 class=\"gb-headline gb-headline-70063d2d gb-headline-text\">Sehensw\u00fcrdigkeiten auf dem TUI Reiseblog<\/h2>\n\n\n<section class=\"article-block container\">\r\n\r\n    \r\n                        \r\n<\/section>\n<\/div><\/div>\n\n<div class=\"gb-container gb-container-6087f494\"><div class=\"gb-inside-container\">\n<div class=\"gb-button-wrapper gb-button-wrapper-080a61aa\">\n\n<a class=\"gb-button gb-button-bcf0dd4f gb-button-text tui-btn\" href=\"https:\/\/www.tui.com\/blog\/tag\/sehenswuerdigkeiten\/\">Alle ansehen<\/a>\n\n<\/div>\n<\/div><\/div>\n\n<div class=\"gb-container gb-container-b010254d\"><div class=\"gb-inside-container\">\n<div class=\"gb-container gb-container-be499b97\"><div class=\"gb-inside-container\"><\/div><\/div>\n<\/div><\/div>\n\n<div class=\"gb-container gb-container-f5d89cca\"><div class=\"gb-inside-container\">\n\n<h2 class=\"gb-headline gb-headline-191c155d gb-headline-text\">Silvester 2023<\/h2>\n\n\n<section class=\"article-block container\">\r\n\r\n    \r\n                                <div class=\"article__container\">\r\n                                                        <div class=\"article\">\r\n                        <a href=\" https:\/\/www.tui.com\/blog\/top-10-hotels-fuer-euer-silvester-in-oesterreich\/ \" aria-label=\"TOP 10 Hotels f\u00fcr euer Silvester in \u00d6sterreich\">\r\n                            <img decoding=\"async\" src=\"https:\/\/www.tui.com\/blog\/wp-content\/uploads\/2024\/09\/silvester-festlich-gedeckter-tisch-AdobeStock-297367261-spaskov-390x220.jpg\" loading=\"lazy\" width=\"100%\" height=\"auto\" alt=\"\">\r\n                        <\/a>\r\n                                                <div class=\"info-grid\">\r\n                            <div><span class=\"highlighted-article__category\">Reiseziele<\/span><\/div>\r\n                            <div class=\"time\"><time datetime=\"Mo..Nov..2025\" itemprop=\"datePublished\">03.11.2025<\/time><\/div>\r\n                        <\/div>\r\n                        <h3 class=\"title\"><a href=\" https:\/\/www.tui.com\/blog\/top-10-hotels-fuer-euer-silvester-in-oesterreich\/ \">TOP 10 Hotels f\u00fcr euer Silvester in \u00d6sterreich<\/a><\/h3>\r\n                    <\/div>\r\n                                                        <div class=\"article\">\r\n                        <a href=\" https:\/\/www.tui.com\/blog\/silvester-am-meer-5-top-hotels-in-deutschland\/ \" aria-label=\"Silvester am Meer: 8 Top Hotels in Deutschland\">\r\n                            <img decoding=\"async\" src=\"https:\/\/www.tui.com\/blog\/wp-content\/uploads\/2024\/10\/silvester-am-meer-8-top-hotels-beitragsbild-adobestock-547702375-jenny-sturm-390x220.jpg\" loading=\"lazy\" width=\"100%\" height=\"auto\" alt=\"\">\r\n                        <\/a>\r\n                                                <div class=\"info-grid\">\r\n                            <div><span class=\"highlighted-article__category\">Beste Reisezeit<\/span><\/div>\r\n                            <div class=\"time\"><time datetime=\"Do..Okt..2024\" itemprop=\"datePublished\">10.10.2024<\/time><\/div>\r\n                        <\/div>\r\n                        <h3 class=\"title\"><a href=\" https:\/\/www.tui.com\/blog\/silvester-am-meer-5-top-hotels-in-deutschland\/ \">Silvester am Meer: 8 Top Hotels in Deutschland<\/a><\/h3>\r\n                    <\/div>\r\n                                                        <div class=\"article\">\r\n                        <a href=\" https:\/\/www.tui.com\/blog\/10-ideen-fuer-euer-silvester-in-deutschland\/ \" aria-label=\"10 Hotelideen f\u00fcr euer Silvester in Deutschland\">\r\n                            <img decoding=\"async\" src=\"https:\/\/www.tui.com\/blog\/wp-content\/uploads\/2024\/09\/silvestermenu-AdobeStock-32449102-Jeanette-Dietl-390x220.jpg\" loading=\"lazy\" width=\"100%\" height=\"auto\" alt=\"\">\r\n                        <\/a>\r\n                                                <div class=\"info-grid\">\r\n                            <div><span class=\"highlighted-article__category\">Beste Reisezeit<\/span><\/div>\r\n                            <div class=\"time\"><time datetime=\"Mi..Sep..2024\" itemprop=\"datePublished\">25.09.2024<\/time><\/div>\r\n                        <\/div>\r\n                        <h3 class=\"title\"><a href=\" https:\/\/www.tui.com\/blog\/10-ideen-fuer-euer-silvester-in-deutschland\/ \">10 Hotelideen f\u00fcr euer Silvester in Deutschland<\/a><\/h3>\r\n                    <\/div>\r\n                                                        <div class=\"article\">\r\n                        <a href=\" https:\/\/www.tui.com\/blog\/feste-in-italien\/ \" aria-label=\"Die 10 sch\u00f6nsten Feste in Italien\">\r\n                            <img decoding=\"async\" src=\"https:\/\/www.tui.com\/blog\/wp-content\/uploads\/2024\/05\/maske-venedig-karneval-adobestock-703111278-\u041c\u0430\u043a\u0441\u0438\u043c-\u0417\u0430\u0439\u043a\u043e\u0432-390x220.jpg\" loading=\"lazy\" width=\"100%\" height=\"auto\" alt=\"\">\r\n                        <\/a>\r\n                                                <div class=\"info-grid\">\r\n                            <div><span class=\"highlighted-article__category\">Aktivurlaub<\/span><\/div>\r\n                            <div class=\"time\"><time datetime=\"Mo..Mai.2024\" itemprop=\"datePublished\">20.05.2024<\/time><\/div>\r\n                        <\/div>\r\n                        <h3 class=\"title\"><a href=\" https:\/\/www.tui.com\/blog\/feste-in-italien\/ \">Die 10 sch\u00f6nsten Feste in Italien<\/a><\/h3>\r\n                    <\/div>\r\n                                                        <div class=\"article\">\r\n                        <a href=\" https:\/\/www.tui.com\/blog\/wo-silvester-feiern-tipps-fuer-eure-spontane-silvester-kurzreise\/ \" aria-label=\"Wo Silvester feiern? Tipps f\u00fcr eure spontane Silvester Kurzreise!\">\r\n                            <img decoding=\"async\" src=\"https:\/\/www.tui.com\/blog\/wp-content\/uploads\/2023\/04\/Silvester-Beitragsbild.jpg\" loading=\"lazy\" width=\"100%\" height=\"auto\" alt=\"\">\r\n                        <\/a>\r\n                                                <div class=\"info-grid\">\r\n                            <div><span class=\"highlighted-article__category\">Beste Reisezeit<\/span><\/div>\r\n                            <div class=\"time\"><time datetime=\"Fr..Nov..2023\" itemprop=\"datePublished\">17.11.2023<\/time><\/div>\r\n                        <\/div>\r\n                        <h3 class=\"title\"><a href=\" https:\/\/www.tui.com\/blog\/wo-silvester-feiern-tipps-fuer-eure-spontane-silvester-kurzreise\/ \">Wo Silvester feiern? Tipps f\u00fcr eure spontane Silvester Kurzreise!<\/a><\/h3>\r\n                    <\/div>\r\n                                                        <div class=\"article\">\r\n                        <a href=\" https:\/\/www.tui.com\/blog\/die-top-5-hotels-fuer-euer-silvester-in-den-bergen\/ \" aria-label=\"Die TOP 5 Hotels f\u00fcr euer Silvester in den Bergen\">\r\n                            <img decoding=\"async\" src=\"https:\/\/www.tui.com\/blog\/wp-content\/uploads\/2023\/04\/travel-charme-ifen-ausblick.jpg\" loading=\"lazy\" width=\"100%\" height=\"auto\" alt=\"\">\r\n                        <\/a>\r\n                                                <div class=\"info-grid\">\r\n                            <div><span class=\"highlighted-article__category\">Beste Reisezeit<\/span><\/div>\r\n                            <div class=\"time\"><time datetime=\"Mi..Sep..2023\" itemprop=\"datePublished\">20.09.2023<\/time><\/div>\r\n                        <\/div>\r\n                        <h3 class=\"title\"><a href=\" https:\/\/www.tui.com\/blog\/die-top-5-hotels-fuer-euer-silvester-in-den-bergen\/ \">Die TOP 5 Hotels f\u00fcr euer Silvester in den Bergen<\/a><\/h3>\r\n                    <\/div>\r\n                \r\n                \r\n                            <\/div>\r\n            \r\n<\/section>\n<\/div><\/div>\n\n<div class=\"gb-container gb-container-199a18a2\"><div class=\"gb-inside-container\">\n<div class=\"gb-button-wrapper gb-button-wrapper-962165c9\">\n\n<a class=\"gb-button gb-button-b404b7b9 gb-button-text tui-btn\" href=\"https:\/\/www.tui.com\/blog\/tag\/silvester\/\">Alle ansehen<\/a>\n\n<\/div>\n<\/div><\/div>\n\n\n<p><\/p>\n","protected":false},"excerpt":{"rendered":"<p>Unsere Top Artikel Unsere beliebtesten St\u00e4dte auf dem TUI.com Blog Ideen f\u00fcr den n\u00e4chsten St\u00e4dtetrip Sehensw\u00fcrdigkeiten auf dem TUI Reiseblog Silvester 2023<\/p>\n","protected":false},"author":160,"featured_media":445192,"parent":0,"menu_order":0,"comment_status":"closed","ping_status":"closed","template":"","meta":{"_acf_changed":false,"footnotes":""},"class_list":["post-412102","page","type-page","status-publish","has-post-thumbnail"],"acf":[],"yoast_head":"<!-- This site is optimized with the Yoast SEO plugin v27.4 - https:\/\/yoast.com\/product\/yoast-seo-wordpress\/ -->\n<title>Alles rund um Kultur auf dem TUI.com Reiseblog \u2600<\/title>\n<meta name=\"description\" content=\"St\u00e4dtetrips, Sehensw\u00fcrdigkeiten, Museumsausfl\u00fcge, Events: Hier gibt&#039;s alle Geheimtipps f\u00fcr deine n\u00e4chste St\u00e4dtereise\" \/>\n<meta name=\"robots\" content=\"index, follow, max-snippet:-1, max-image-preview:large, max-video-preview:-1\" \/>\n<link rel=\"canonical\" href=\"https:\/\/www.tui.com\/blog\/kultur\/\" \/>\n<meta property=\"og:locale\" content=\"de_DE\" \/>\n<meta property=\"og:type\" content=\"article\" \/>\n<meta property=\"og:title\" content=\"Alles rund um Kultur auf dem TUI.com Reiseblog \u2600\" \/>\n<meta property=\"og:description\" content=\"St\u00e4dtetrips, Sehensw\u00fcrdigkeiten, Museumsausfl\u00fcge, Events: Hier gibt&#039;s alle Geheimtipps f\u00fcr deine n\u00e4chste St\u00e4dtereise\" \/>\n<meta property=\"og:url\" content=\"https:\/\/www.tui.com\/blog\/kultur\/\" \/>\n<meta property=\"og:site_name\" content=\"TUI.com Reiseblog \u2600\" \/>\n<meta property=\"article:modified_time\" content=\"2025-01-30T13:25:15+00:00\" \/>\n<meta property=\"og:image\" content=\"https:\/\/www.tui.com\/blog\/wp-content\/uploads\/2024\/09\/kultur-kategoriebild.webp\" \/>\n\t<meta property=\"og:image:width\" content=\"1920\" \/>\n\t<meta property=\"og:image:height\" content=\"640\" \/>\n\t<meta property=\"og:image:type\" content=\"image\/webp\" \/>\n<meta name=\"twitter:card\" content=\"summary_large_image\" \/>\n<meta name=\"twitter:label1\" content=\"Gesch\u00e4tzte Lesezeit\" \/>\n\t<meta name=\"twitter:data1\" content=\"1\u00a0Minute\" \/>\n<script type=\"application\/ld+json\" class=\"yoast-schema-graph\">{\"@context\":\"https:\\\/\\\/schema.org\",\"@graph\":[{\"@type\":\"WebPage\",\"@id\":\"https:\\\/\\\/www.tui.com\\\/blog\\\/kultur\\\/\",\"url\":\"https:\\\/\\\/www.tui.com\\\/blog\\\/kultur\\\/\",\"name\":\"Alles rund um Kultur auf dem TUI.com Reiseblog \u2600\",\"isPartOf\":{\"@id\":\"https:\\\/\\\/www.tui.com\\\/blog\\\/#website\"},\"primaryImageOfPage\":{\"@id\":\"https:\\\/\\\/www.tui.com\\\/blog\\\/kultur\\\/#primaryimage\"},\"image\":{\"@id\":\"https:\\\/\\\/www.tui.com\\\/blog\\\/kultur\\\/#primaryimage\"},\"thumbnailUrl\":\"https:\\\/\\\/www.tui.com\\\/blog\\\/wp-content\\\/uploads\\\/2024\\\/09\\\/kultur-kategoriebild.webp\",\"datePublished\":\"2023-09-28T10:00:30+00:00\",\"dateModified\":\"2025-01-30T13:25:15+00:00\",\"description\":\"St\u00e4dtetrips, Sehensw\u00fcrdigkeiten, Museumsausfl\u00fcge, Events: Hier gibt's alle Geheimtipps f\u00fcr deine n\u00e4chste St\u00e4dtereise\",\"breadcrumb\":{\"@id\":\"https:\\\/\\\/www.tui.com\\\/blog\\\/kultur\\\/#breadcrumb\"},\"inLanguage\":\"de\",\"potentialAction\":[{\"@type\":\"ReadAction\",\"target\":[\"https:\\\/\\\/www.tui.com\\\/blog\\\/kultur\\\/\"]}]},{\"@type\":\"ImageObject\",\"inLanguage\":\"de\",\"@id\":\"https:\\\/\\\/www.tui.com\\\/blog\\\/kultur\\\/#primaryimage\",\"url\":\"https:\\\/\\\/www.tui.com\\\/blog\\\/wp-content\\\/uploads\\\/2024\\\/09\\\/kultur-kategoriebild.webp\",\"contentUrl\":\"https:\\\/\\\/www.tui.com\\\/blog\\\/wp-content\\\/uploads\\\/2024\\\/09\\\/kultur-kategoriebild.webp\",\"width\":1920,\"height\":640,\"caption\":\"Kategorie Kultur\"},{\"@type\":\"BreadcrumbList\",\"@id\":\"https:\\\/\\\/www.tui.com\\\/blog\\\/kultur\\\/#breadcrumb\",\"itemListElement\":[{\"@type\":\"ListItem\",\"position\":1,\"name\":\"Startseite\",\"item\":\"https:\\\/\\\/www.tui.com\\\/blog\\\/\"},{\"@type\":\"ListItem\",\"position\":2,\"name\":\"Kultur\"}]},{\"@type\":\"WebSite\",\"@id\":\"https:\\\/\\\/www.tui.com\\\/blog\\\/#website\",\"url\":\"https:\\\/\\\/www.tui.com\\\/blog\\\/\",\"name\":\"TUI.com Reiseblog \u2600\",\"description\":\"Abenteuer oder lieber an den Strand? \u2600 Der TUI Reiseblog bietet tolle Infos rund um deine n\u00e4chste Reise \u2708 Komm vorbei und lass dich inspirieren \u221a\",\"publisher\":{\"@id\":\"https:\\\/\\\/www.tui.com\\\/blog\\\/#organization\"},\"potentialAction\":[{\"@type\":\"SearchAction\",\"target\":{\"@type\":\"EntryPoint\",\"urlTemplate\":\"https:\\\/\\\/www.tui.com\\\/blog\\\/?s={search_term_string}\"},\"query-input\":{\"@type\":\"PropertyValueSpecification\",\"valueRequired\":true,\"valueName\":\"search_term_string\"}}],\"inLanguage\":\"de\"},{\"@type\":\"Organization\",\"@id\":\"https:\\\/\\\/www.tui.com\\\/blog\\\/#organization\",\"name\":\"TUI.com Reiseblog \u2600\",\"url\":\"https:\\\/\\\/www.tui.com\\\/blog\\\/\",\"logo\":{\"@type\":\"ImageObject\",\"inLanguage\":\"de\",\"@id\":\"https:\\\/\\\/www.tui.com\\\/blog\\\/#\\\/schema\\\/logo\\\/image\\\/\",\"url\":\"https:\\\/\\\/www.tui.com\\\/blog\\\/wp-content\\\/uploads\\\/2023\\\/04\\\/cropped-tui-logo-3.png\",\"contentUrl\":\"https:\\\/\\\/www.tui.com\\\/blog\\\/wp-content\\\/uploads\\\/2023\\\/04\\\/cropped-tui-logo-3.png\",\"width\":164,\"height\":72,\"caption\":\"TUI.com Reiseblog \u2600\"},\"image\":{\"@id\":\"https:\\\/\\\/www.tui.com\\\/blog\\\/#\\\/schema\\\/logo\\\/image\\\/\"}}]}<\/script>\n<!-- \/ Yoast SEO plugin. -->","yoast_head_json":{"title":"Alles rund um Kultur auf dem TUI.com Reiseblog \u2600","description":"St\u00e4dtetrips, Sehensw\u00fcrdigkeiten, Museumsausfl\u00fcge, Events: Hier gibt's alle Geheimtipps f\u00fcr deine n\u00e4chste St\u00e4dtereise","robots":{"index":"index","follow":"follow","max-snippet":"max-snippet:-1","max-image-preview":"max-image-preview:large","max-video-preview":"max-video-preview:-1"},"canonical":"https:\/\/www.tui.com\/blog\/kultur\/","og_locale":"de_DE","og_type":"article","og_title":"Alles rund um Kultur auf dem TUI.com Reiseblog \u2600","og_description":"St\u00e4dtetrips, Sehensw\u00fcrdigkeiten, Museumsausfl\u00fcge, Events: Hier gibt's alle Geheimtipps f\u00fcr deine n\u00e4chste St\u00e4dtereise","og_url":"https:\/\/www.tui.com\/blog\/kultur\/","og_site_name":"TUI.com Reiseblog \u2600","article_modified_time":"2025-01-30T13:25:15+00:00","og_image":[{"width":1920,"height":640,"url":"https:\/\/www.tui.com\/blog\/wp-content\/uploads\/2024\/09\/kultur-kategoriebild.webp","type":"image\/webp"}],"twitter_card":"summary_large_image","twitter_misc":{"Gesch\u00e4tzte Lesezeit":"1\u00a0Minute"},"schema":{"@context":"https:\/\/schema.org","@graph":[{"@type":"WebPage","@id":"https:\/\/www.tui.com\/blog\/kultur\/","url":"https:\/\/www.tui.com\/blog\/kultur\/","name":"Alles rund um Kultur auf dem TUI.com Reiseblog \u2600","isPartOf":{"@id":"https:\/\/www.tui.com\/blog\/#website"},"primaryImageOfPage":{"@id":"https:\/\/www.tui.com\/blog\/kultur\/#primaryimage"},"image":{"@id":"https:\/\/www.tui.com\/blog\/kultur\/#primaryimage"},"thumbnailUrl":"https:\/\/www.tui.com\/blog\/wp-content\/uploads\/2024\/09\/kultur-kategoriebild.webp","datePublished":"2023-09-28T10:00:30+00:00","dateModified":"2025-01-30T13:25:15+00:00","description":"St\u00e4dtetrips, Sehensw\u00fcrdigkeiten, Museumsausfl\u00fcge, Events: Hier gibt's alle Geheimtipps f\u00fcr deine n\u00e4chste St\u00e4dtereise","breadcrumb":{"@id":"https:\/\/www.tui.com\/blog\/kultur\/#breadcrumb"},"inLanguage":"de","potentialAction":[{"@type":"ReadAction","target":["https:\/\/www.tui.com\/blog\/kultur\/"]}]},{"@type":"ImageObject","inLanguage":"de","@id":"https:\/\/www.tui.com\/blog\/kultur\/#primaryimage","url":"https:\/\/www.tui.com\/blog\/wp-content\/uploads\/2024\/09\/kultur-kategoriebild.webp","contentUrl":"https:\/\/www.tui.com\/blog\/wp-content\/uploads\/2024\/09\/kultur-kategoriebild.webp","width":1920,"height":640,"caption":"Kategorie Kultur"},{"@type":"BreadcrumbList","@id":"https:\/\/www.tui.com\/blog\/kultur\/#breadcrumb","itemListElement":[{"@type":"ListItem","position":1,"name":"Startseite","item":"https:\/\/www.tui.com\/blog\/"},{"@type":"ListItem","position":2,"name":"Kultur"}]},{"@type":"WebSite","@id":"https:\/\/www.tui.com\/blog\/#website","url":"https:\/\/www.tui.com\/blog\/","name":"TUI.com Reiseblog \u2600","description":"Abenteuer oder lieber an den Strand? \u2600 Der TUI Reiseblog bietet tolle Infos rund um deine n\u00e4chste Reise \u2708 Komm vorbei und lass dich inspirieren \u221a","publisher":{"@id":"https:\/\/www.tui.com\/blog\/#organization"},"potentialAction":[{"@type":"SearchAction","target":{"@type":"EntryPoint","urlTemplate":"https:\/\/www.tui.com\/blog\/?s={search_term_string}"},"query-input":{"@type":"PropertyValueSpecification","valueRequired":true,"valueName":"search_term_string"}}],"inLanguage":"de"},{"@type":"Organization","@id":"https:\/\/www.tui.com\/blog\/#organization","name":"TUI.com Reiseblog \u2600","url":"https:\/\/www.tui.com\/blog\/","logo":{"@type":"ImageObject","inLanguage":"de","@id":"https:\/\/www.tui.com\/blog\/#\/schema\/logo\/image\/","url":"https:\/\/www.tui.com\/blog\/wp-content\/uploads\/2023\/04\/cropped-tui-logo-3.png","contentUrl":"https:\/\/www.tui.com\/blog\/wp-content\/uploads\/2023\/04\/cropped-tui-logo-3.png","width":164,"height":72,"caption":"TUI.com Reiseblog \u2600"},"image":{"@id":"https:\/\/www.tui.com\/blog\/#\/schema\/logo\/image\/"}}]}},"_links":{"self":[{"href":"https:\/\/www.tui.com\/blog\/wp-json\/wp\/v2\/pages\/412102","targetHints":{"allow":["GET"]}}],"collection":[{"href":"https:\/\/www.tui.com\/blog\/wp-json\/wp\/v2\/pages"}],"about":[{"href":"https:\/\/www.tui.com\/blog\/wp-json\/wp\/v2\/types\/page"}],"author":[{"embeddable":true,"href":"https:\/\/www.tui.com\/blog\/wp-json\/wp\/v2\/users\/160"}],"replies":[{"embeddable":true,"href":"https:\/\/www.tui.com\/blog\/wp-json\/wp\/v2\/comments?post=412102"}],"version-history":[{"count":12,"href":"https:\/\/www.tui.com\/blog\/wp-json\/wp\/v2\/pages\/412102\/revisions"}],"predecessor-version":[{"id":455506,"href":"https:\/\/www.tui.com\/blog\/wp-json\/wp\/v2\/pages\/412102\/revisions\/455506"}],"wp:featuredmedia":[{"embeddable":true,"href":"https:\/\/www.tui.com\/blog\/wp-json\/wp\/v2\/media\/445192"}],"wp:attachment":[{"href":"https:\/\/www.tui.com\/blog\/wp-json\/wp\/v2\/media?parent=412102"}],"curies":[{"name":"wp","href":"https:\/\/api.w.org\/{rel}","templated":true}]}}