{"id":412104,"date":"2023-09-28T10:32:42","date_gmt":"2023-09-28T08:32:42","guid":{"rendered":"https:\/\/blog.tui.info\/?page_id=389598"},"modified":"2025-02-11T14:18:31","modified_gmt":"2025-02-11T13:18:31","slug":"genuss","status":"publish","type":"page","link":"https:\/\/www.tui.com\/blog\/genuss\/","title":{"rendered":"Genuss"},"content":{"rendered":"<div class=\"gb-container gb-container-af47a24d\"><div class=\"gb-inside-container\">\n<div class=\"gb-container gb-container-5c7c3cd9\"><div class=\"gb-inside-container\">\n<div class=\"gb-grid-wrapper gb-grid-wrapper-4674d008\">\n<div class=\"gb-grid-column gb-grid-column-e5cdbe06\"><div class=\"gb-container gb-container-e5cdbe06\">\n\n<h2 class=\"gb-headline gb-headline-3528e644 gb-headline-text\">Alles rund um Wellness, Entspannung und Food <\/h2>\n\n\n\n<p class=\"has-text-align-center\"><strong>Genussmenschen aufgepasst!<\/strong> Du tr\u00e4umst von einem Hotelzimmer mit eigenem Whirlpool? Oder w\u00fcnschst dir ein romantisches 4-G\u00e4nge-Men\u00fc am Strand? In unserer Kategorie \u201eGenuss\u201c findest du wertvolle Urlaubstipps, bei denen es vor allem um Rezepte, Luxus, Gourmet- und Wellnessthemen geht. Freu dich auf erholsame &amp; leckere Inhalte mit hilfreichen Reisetipps. Von Genie\u00dfern f\u00fcr Genie\u00dfer!<\/p>\n\n<\/div><\/div>\n\n<div class=\"gb-grid-column gb-grid-column-d380042d\"><div class=\"gb-container gb-container-d380042d\">\n<div class=\"wp-block-image\">\n<figure class=\"aligncenter size-full is-resized\"><img decoding=\"async\" src=\"https:\/\/www.tui.com\/blog\/wp-content\/uploads\/2023\/09\/icon-spa.svg\" alt=\"\" class=\"wp-image-412166\" style=\"width:115px;height:auto\"\/><\/figure>\n<\/div>\n<\/div><\/div>\n<\/div>\n<\/div><\/div>\n<\/div><\/div>\n\n<div class=\"gb-container gb-container-86c519b2\">\n\n<h2 class=\"gb-headline gb-headline-dc039d34 gb-headline-text\">Unsere Top Artikel<\/h2>\n\n\n    <div class=\"toparticle-item toparticle-block\">\r\n        <div class=\"row\">\r\n                            <article class=\"toparticle\" style=\"background-image: url('https:\/\/www.tui.com\/blog\/wp-content\/uploads\/2025\/05\/top-hotels-mit-privatpool.jpg')\" role=\"img\" aria-label=\"Aufwachen &#038; Abk\u00fchlen\">\r\n                    <a href=\"https:\/\/www.tui.com\/blog\/aufwachen-abkuehlen-top-hotels-mit-fast-eigenem-pool\/\" target=\"https:\/\/www.tui.com\/blog\/aufwachen-abkuehlen-top-hotels-mit-fast-eigenem-pool\/\" class=\"toparticle-gradient\" aria-label=\"Top Article Link\"><\/a>\r\n                                            <div class=\"toparticle-panel \">\r\n                            <p class=\"toparticle-title\">Aufwachen &#038; Abk\u00fchlen<\/p>\r\n                            <p class=\"toparticle-subtitle\">Hotelzimmer mit Privatpool<\/p>                        <\/div>\r\n                                    <\/article>\r\n                            <article class=\"toparticle\" style=\"background-image: url('https:\/\/www.tui.com\/blog\/wp-content\/uploads\/2025\/08\/winterwellness-thermenhotels-deutschland-adobestock-143897447-luengo-ua.jpg')\" role=\"img\" aria-label=\"Winterwellness\">\r\n                    <a href=\"https:\/\/www.tui.com\/blog\/winterwellness-top-5-thermenhotels-in-deutschland\/\" target=\"https:\/\/www.tui.com\/blog\/winterwellness-top-5-thermenhotels-in-deutschland\/\" class=\"toparticle-gradient\" aria-label=\"Top Article Link\"><\/a>\r\n                                            <div class=\"toparticle-panel \">\r\n                            <p class=\"toparticle-title\">Winterwellness<\/p>\r\n                            <p class=\"toparticle-subtitle\">TOP 5 Thermenhotels in Deutschland<\/p>                        <\/div>\r\n                                    <\/article>\r\n                    <\/div>\r\n    <\/div>\r\n\n<\/div>\n\n<div class=\"gb-container gb-container-0471e53d\"><div class=\"gb-inside-container\">\n<section class=\"article-block container\">\r\n\r\n    <h2>Unsere neusten Genuss-Artikel<\/h2>\r\n            <div class=\"highlighted-article\" id=\"\">\r\n            \r\n                                    \r\n        <\/div>\r\n    \r\n<\/section>\n<\/div><\/div>\n\n<div class=\"gb-container gb-container-e990a9b7\">\n<div class=\"gb-button-wrapper gb-button-wrapper-667eabda\">\n\n<a class=\"gb-button gb-button-47db0ba3 gb-button-text tui-btn\" href=\"https:\/\/www.tui.com\/blog\/archiv-genuss\/page\/2\/\">Alle ansehen<\/a>\n\n<\/div>\n<\/div>\n\n<div class=\"gb-container gb-container-7756686b\"><div class=\"gb-inside-container\">\n<div class=\"gb-container gb-container-929eed9e\"><div class=\"gb-inside-container\"><\/div><\/div>\n<\/div><\/div>\n\n<div class=\"gb-container gb-container-ce7e561e\"><div class=\"gb-inside-container\">\n\n<h2 class=\"gb-headline gb-headline-735fafd4 gb-headline-text\">Die sch\u00f6nsten Wellnesshotels auf dem TUI Reiseblog<\/h2>\n\n\n<section class=\"article-block container\">\r\n\r\n    \r\n                        \r\n<\/section>\n<\/div><\/div>\n\n<div class=\"gb-container gb-container-5074aecd\"><div class=\"gb-inside-container\">\n<div class=\"gb-button-wrapper gb-button-wrapper-02fdb816\">\n\n<a class=\"gb-button gb-button-bcac2229 gb-button-text tui-btn\" href=\"https:\/\/www.tui.com\/blog\/tag\/wellnesshotels\/\">Alle ansehen<\/a>\n\n<\/div>\n<\/div><\/div>\n\n<div class=\"gb-container gb-container-51c4674a\"><div class=\"gb-inside-container\">\n<div class=\"gb-container gb-container-0154bb28\"><div class=\"gb-inside-container\"><\/div><\/div>\n<\/div><\/div>\n\n<div class=\"gb-container gb-container-9fbcf051\"><div class=\"gb-inside-container\">\n\n<h2 class=\"gb-headline gb-headline-70063d2d gb-headline-text\">Food Geheimtipps auf dem TUI Reiseblog<\/h2>\n\n\n<section class=\"article-block container\">\r\n\r\n    \r\n                        \r\n<\/section>\n<\/div><\/div>\n\n<div class=\"gb-container gb-container-6087f494\"><div class=\"gb-inside-container\">\n<div class=\"gb-button-wrapper gb-button-wrapper-080a61aa\">\n\n<a class=\"gb-button gb-button-bcf0dd4f gb-button-text tui-btn\" href=\"https:\/\/www.tui.com\/blog\/tag\/food\/\">Alle ansehen<\/a>\n\n<\/div>\n<\/div><\/div>\n\n<div class=\"gb-container gb-container-b010254d\"><div class=\"gb-inside-container\">\n<div class=\"gb-container gb-container-be499b97\"><div class=\"gb-inside-container\"><\/div><\/div>\n<\/div><\/div>\n\n<div class=\"gb-container gb-container-f5d89cca\"><div class=\"gb-inside-container\">\n\n<h2 class=\"gb-headline gb-headline-191c155d gb-headline-text\">Luxus auf dem TUI Reiseblog<\/h2>\n\n\n<section class=\"article-block container\">\r\n\r\n    \r\n                                <div class=\"article__container\">\r\n                                                        <div class=\"article\">\r\n                        <a href=\" https:\/\/www.tui.com\/blog\/wie-waere-ein-romantisches-wochenende-zu-zweit-unsere-top-romantik-hotels-in-deutschland\/ \" aria-label=\"Romantisches Wochenende zu zweit: Top 10 Romantik Hotels in Deutschland\">\r\n                            <img decoding=\"async\" src=\"https:\/\/www.tui.com\/blog\/wp-content\/uploads\/2023\/04\/moselromantik-hotel-kessler-meyer-romantik-hotel-deutschland.jpg\" loading=\"lazy\" width=\"100%\" height=\"auto\" alt=\"\">\r\n                        <\/a>\r\n                                                <div class=\"info-grid\">\r\n                            <div><span class=\"highlighted-article__category\">Reisearten<\/span><\/div>\r\n                            <div class=\"time\"><time datetime=\"Fr..Okt..2025\" itemprop=\"datePublished\">03.10.2025<\/time><\/div>\r\n                        <\/div>\r\n                        <h3 class=\"title\"><a href=\" https:\/\/www.tui.com\/blog\/wie-waere-ein-romantisches-wochenende-zu-zweit-unsere-top-romantik-hotels-in-deutschland\/ \">Romantisches Wochenende zu zweit: Top 10 Romantik Hotels in Deutschland<\/a><\/h3>\r\n                    <\/div>\r\n                                                        <div class=\"article\">\r\n                        <a href=\" https:\/\/www.tui.com\/blog\/der-berg-ruft-die-schoensten-chalets-und-berghotels-in-deutschland\/ \" aria-label=\"Die sch\u00f6nsten Chalets und Hotels in den Bergen\">\r\n                            <img decoding=\"async\" src=\"https:\/\/www.tui.com\/blog\/wp-content\/uploads\/2025\/09\/chalet-allgaeu-adobestock_328365258-Dominik-Ultes-390x220.jpg\" loading=\"lazy\" width=\"100%\" height=\"auto\" alt=\"\">\r\n                        <\/a>\r\n                                                <div class=\"info-grid\">\r\n                            <div><span class=\"highlighted-article__category\">Reiseziele<\/span><\/div>\r\n                            <div class=\"time\"><time datetime=\"Di..Sep..2025\" itemprop=\"datePublished\">23.09.2025<\/time><\/div>\r\n                        <\/div>\r\n                        <h3 class=\"title\"><a href=\" https:\/\/www.tui.com\/blog\/der-berg-ruft-die-schoensten-chalets-und-berghotels-in-deutschland\/ \">Die sch\u00f6nsten Chalets und Hotels in den Bergen<\/a><\/h3>\r\n                    <\/div>\r\n                                                        <div class=\"article\">\r\n                        <a href=\" https:\/\/www.tui.com\/blog\/glamping-in-italien-unsere-top-12-mobilheime-in-italien\/ \" aria-label=\"Glamping Italien: Unsere TOP 12 Mobilheime in Italien\">\r\n                            <img decoding=\"async\" src=\"https:\/\/www.tui.com\/blog\/wp-content\/uploads\/2023\/04\/vela-blu-camping-village-teaserbild.jpg\" loading=\"lazy\" width=\"100%\" height=\"auto\" alt=\"\">\r\n                        <\/a>\r\n                                                <div class=\"info-grid\">\r\n                            <div><span class=\"highlighted-article__category\">Reisearten<\/span><\/div>\r\n                            <div class=\"time\"><time datetime=\"Di..Juli.2025\" itemprop=\"datePublished\">22.07.2025<\/time><\/div>\r\n                        <\/div>\r\n                        <h3 class=\"title\"><a href=\" https:\/\/www.tui.com\/blog\/glamping-in-italien-unsere-top-12-mobilheime-in-italien\/ \">Glamping Italien: Unsere TOP 12 Mobilheime in Italien<\/a><\/h3>\r\n                    <\/div>\r\n                                                        <div class=\"article\">\r\n                        <a href=\" https:\/\/www.tui.com\/blog\/luxushotel-aegypten-unsere-top-7\/ \" aria-label=\"Luxushotel \u00c4gypten: hier sind unsere TOP 10\">\r\n                            <img decoding=\"async\" src=\"https:\/\/www.tui.com\/blog\/wp-content\/uploads\/2025\/11\/luxushotel-aegypten-beitragsbild-adobestock-688952169-the-2r-artificiality-390x220.jpg\" loading=\"lazy\" width=\"100%\" height=\"auto\" alt=\"\">\r\n                        <\/a>\r\n                                                <div class=\"info-grid\">\r\n                            <div><span class=\"highlighted-article__category\">\u00c4gypten<\/span><\/div>\r\n                            <div class=\"time\"><time datetime=\"Di..Juli.2025\" itemprop=\"datePublished\">08.07.2025<\/time><\/div>\r\n                        <\/div>\r\n                        <h3 class=\"title\"><a href=\" https:\/\/www.tui.com\/blog\/luxushotel-aegypten-unsere-top-7\/ \">Luxushotel \u00c4gypten: hier sind unsere TOP 10<\/a><\/h3>\r\n                    <\/div>\r\n                                                        <div class=\"article\">\r\n                        <a href=\" https:\/\/www.tui.com\/blog\/die-schoensten-5-sterne-hotels-an-der-ostsee\/ \" aria-label=\"Die sch\u00f6nsten 5 Sterne Hotels an der Ostsee\">\r\n                            <img decoding=\"async\" src=\"https:\/\/www.tui.com\/blog\/wp-content\/uploads\/2023\/04\/weissenhaus-grand-village-resort-und-spa-am-meer-ostsee.jpg\" loading=\"lazy\" width=\"100%\" height=\"auto\" alt=\"\">\r\n                        <\/a>\r\n                                                <div class=\"info-grid\">\r\n                            <div><span class=\"highlighted-article__category\">Reiseziele<\/span><\/div>\r\n                            <div class=\"time\"><time datetime=\"Mo..M\u00e4rz.2025\" itemprop=\"datePublished\">10.03.2025<\/time><\/div>\r\n                        <\/div>\r\n                        <h3 class=\"title\"><a href=\" https:\/\/www.tui.com\/blog\/die-schoensten-5-sterne-hotels-an-der-ostsee\/ \">Die sch\u00f6nsten 5 Sterne Hotels an der Ostsee<\/a><\/h3>\r\n                    <\/div>\r\n                                                        <div class=\"article\">\r\n                        <a href=\" https:\/\/www.tui.com\/blog\/die-10-schoensten-luxus-ferienhaeuser\/ \" aria-label=\"Die 9 sch\u00f6nsten Luxus Ferienh\u00e4user\">\r\n                            <img decoding=\"async\" src=\"https:\/\/www.tui.com\/blog\/wp-content\/uploads\/2024\/07\/luxus-ferienhaus-adobestock_622275106-akim-d-390x220.jpg\" loading=\"lazy\" width=\"100%\" height=\"auto\" alt=\"\">\r\n                        <\/a>\r\n                                                <div class=\"info-grid\">\r\n                            <div><span class=\"highlighted-article__category\">Andere Reisearten<\/span><\/div>\r\n                            <div class=\"time\"><time datetime=\"Do..Juli.2024\" itemprop=\"datePublished\">11.07.2024<\/time><\/div>\r\n                        <\/div>\r\n                        <h3 class=\"title\"><a href=\" https:\/\/www.tui.com\/blog\/die-10-schoensten-luxus-ferienhaeuser\/ \">Die 9 sch\u00f6nsten Luxus Ferienh\u00e4user<\/a><\/h3>\r\n                    <\/div>\r\n                \r\n                \r\n                            <\/div>\r\n            \r\n<\/section>\n<\/div><\/div>\n\n<div class=\"gb-container gb-container-199a18a2\"><div class=\"gb-inside-container\">\n<div class=\"gb-button-wrapper gb-button-wrapper-962165c9\">\n\n<a class=\"gb-button gb-button-b404b7b9 gb-button-text tui-btn\" href=\"https:\/\/www.tui.com\/blog\/tag\/luxus\/\">Alle ansehen<\/a>\n\n<\/div>\n<\/div><\/div>\n\n\n<p><\/p>\n","protected":false},"excerpt":{"rendered":"<p>Unsere Top Artikel Die sch\u00f6nsten Wellnesshotels auf dem TUI Reiseblog Food Geheimtipps auf dem TUI Reiseblog Luxus auf dem TUI Reiseblog<\/p>\n","protected":false},"author":160,"featured_media":86277,"parent":0,"menu_order":0,"comment_status":"closed","ping_status":"closed","template":"","meta":{"_acf_changed":false,"footnotes":""},"class_list":["post-412104","page","type-page","status-publish","has-post-thumbnail"],"acf":[],"yoast_head":"<!-- This site is optimized with the Yoast SEO plugin v27.4 - https:\/\/yoast.com\/product\/yoast-seo-wordpress\/ -->\n<title>Wellness, Genuss &amp; Entspannung auf dem TUI.com Reiseblog<\/title>\n<meta name=\"description\" content=\"Hier gibt es wertvolle Urlaubstipps, bei denen es vor allem um Rezepte, Luxus, Gourmet- und Wellnessthemen geht. Von Genie\u00dfern f\u00fcr Genie\u00dfer!\" \/>\n<meta name=\"robots\" content=\"index, follow, max-snippet:-1, max-image-preview:large, max-video-preview:-1\" \/>\n<link rel=\"canonical\" href=\"https:\/\/www.tui.com\/blog\/genuss\/\" \/>\n<meta property=\"og:locale\" content=\"de_DE\" \/>\n<meta property=\"og:type\" content=\"article\" \/>\n<meta property=\"og:title\" content=\"Wellness, Genuss &amp; Entspannung auf dem TUI.com Reiseblog\" \/>\n<meta property=\"og:description\" content=\"Hier gibt es wertvolle Urlaubstipps, bei denen es vor allem um Rezepte, Luxus, Gourmet- und Wellnessthemen geht. Von Genie\u00dfern f\u00fcr Genie\u00dfer!\" \/>\n<meta property=\"og:url\" content=\"https:\/\/www.tui.com\/blog\/genuss\/\" \/>\n<meta property=\"og:site_name\" content=\"TUI.com Reiseblog \u2600\" \/>\n<meta property=\"article:modified_time\" content=\"2025-02-11T13:18:31+00:00\" \/>\n<meta property=\"og:image\" content=\"https:\/\/www.tui.com\/blog\/wp-content\/uploads\/2023\/03\/kategoriebild-genuss-AdobeStock_106177123.jpg\" \/>\n\t<meta property=\"og:image:width\" content=\"1920\" \/>\n\t<meta property=\"og:image:height\" content=\"642\" \/>\n\t<meta property=\"og:image:type\" content=\"image\/jpeg\" \/>\n<meta name=\"twitter:card\" content=\"summary_large_image\" \/>\n<script type=\"application\/ld+json\" class=\"yoast-schema-graph\">{\"@context\":\"https:\\\/\\\/schema.org\",\"@graph\":[{\"@type\":\"WebPage\",\"@id\":\"https:\\\/\\\/www.tui.com\\\/blog\\\/genuss\\\/\",\"url\":\"https:\\\/\\\/www.tui.com\\\/blog\\\/genuss\\\/\",\"name\":\"Wellness, Genuss & Entspannung auf dem TUI.com Reiseblog\",\"isPartOf\":{\"@id\":\"https:\\\/\\\/www.tui.com\\\/blog\\\/#website\"},\"primaryImageOfPage\":{\"@id\":\"https:\\\/\\\/www.tui.com\\\/blog\\\/genuss\\\/#primaryimage\"},\"image\":{\"@id\":\"https:\\\/\\\/www.tui.com\\\/blog\\\/genuss\\\/#primaryimage\"},\"thumbnailUrl\":\"https:\\\/\\\/www.tui.com\\\/blog\\\/wp-content\\\/uploads\\\/2023\\\/03\\\/kategoriebild-genuss-AdobeStock_106177123.jpg\",\"datePublished\":\"2023-09-28T08:32:42+00:00\",\"dateModified\":\"2025-02-11T13:18:31+00:00\",\"description\":\"Hier gibt es wertvolle Urlaubstipps, bei denen es vor allem um Rezepte, Luxus, Gourmet- und Wellnessthemen geht. Von Genie\u00dfern f\u00fcr Genie\u00dfer!\",\"breadcrumb\":{\"@id\":\"https:\\\/\\\/www.tui.com\\\/blog\\\/genuss\\\/#breadcrumb\"},\"inLanguage\":\"de\",\"potentialAction\":[{\"@type\":\"ReadAction\",\"target\":[\"https:\\\/\\\/www.tui.com\\\/blog\\\/genuss\\\/\"]}]},{\"@type\":\"ImageObject\",\"inLanguage\":\"de\",\"@id\":\"https:\\\/\\\/www.tui.com\\\/blog\\\/genuss\\\/#primaryimage\",\"url\":\"https:\\\/\\\/www.tui.com\\\/blog\\\/wp-content\\\/uploads\\\/2023\\\/03\\\/kategoriebild-genuss-AdobeStock_106177123.jpg\",\"contentUrl\":\"https:\\\/\\\/www.tui.com\\\/blog\\\/wp-content\\\/uploads\\\/2023\\\/03\\\/kategoriebild-genuss-AdobeStock_106177123.jpg\",\"width\":1920,\"height\":642,\"caption\":\"Ein gut gef\u00fcllter Tisch\"},{\"@type\":\"BreadcrumbList\",\"@id\":\"https:\\\/\\\/www.tui.com\\\/blog\\\/genuss\\\/#breadcrumb\",\"itemListElement\":[{\"@type\":\"ListItem\",\"position\":1,\"name\":\"Startseite\",\"item\":\"https:\\\/\\\/www.tui.com\\\/blog\\\/\"},{\"@type\":\"ListItem\",\"position\":2,\"name\":\"Genuss\"}]},{\"@type\":\"WebSite\",\"@id\":\"https:\\\/\\\/www.tui.com\\\/blog\\\/#website\",\"url\":\"https:\\\/\\\/www.tui.com\\\/blog\\\/\",\"name\":\"TUI.com Reiseblog \u2600\",\"description\":\"Abenteuer oder lieber an den Strand? \u2600 Der TUI Reiseblog bietet tolle Infos rund um deine n\u00e4chste Reise \u2708 Komm vorbei und lass dich inspirieren \u221a\",\"publisher\":{\"@id\":\"https:\\\/\\\/www.tui.com\\\/blog\\\/#organization\"},\"potentialAction\":[{\"@type\":\"SearchAction\",\"target\":{\"@type\":\"EntryPoint\",\"urlTemplate\":\"https:\\\/\\\/www.tui.com\\\/blog\\\/?s={search_term_string}\"},\"query-input\":{\"@type\":\"PropertyValueSpecification\",\"valueRequired\":true,\"valueName\":\"search_term_string\"}}],\"inLanguage\":\"de\"},{\"@type\":\"Organization\",\"@id\":\"https:\\\/\\\/www.tui.com\\\/blog\\\/#organization\",\"name\":\"TUI.com Reiseblog \u2600\",\"url\":\"https:\\\/\\\/www.tui.com\\\/blog\\\/\",\"logo\":{\"@type\":\"ImageObject\",\"inLanguage\":\"de\",\"@id\":\"https:\\\/\\\/www.tui.com\\\/blog\\\/#\\\/schema\\\/logo\\\/image\\\/\",\"url\":\"https:\\\/\\\/www.tui.com\\\/blog\\\/wp-content\\\/uploads\\\/2023\\\/04\\\/cropped-tui-logo-3.png\",\"contentUrl\":\"https:\\\/\\\/www.tui.com\\\/blog\\\/wp-content\\\/uploads\\\/2023\\\/04\\\/cropped-tui-logo-3.png\",\"width\":164,\"height\":72,\"caption\":\"TUI.com Reiseblog \u2600\"},\"image\":{\"@id\":\"https:\\\/\\\/www.tui.com\\\/blog\\\/#\\\/schema\\\/logo\\\/image\\\/\"}}]}<\/script>\n<!-- \/ Yoast SEO plugin. -->","yoast_head_json":{"title":"Wellness, Genuss & Entspannung auf dem TUI.com Reiseblog","description":"Hier gibt es wertvolle Urlaubstipps, bei denen es vor allem um Rezepte, Luxus, Gourmet- und Wellnessthemen geht. Von Genie\u00dfern f\u00fcr Genie\u00dfer!","robots":{"index":"index","follow":"follow","max-snippet":"max-snippet:-1","max-image-preview":"max-image-preview:large","max-video-preview":"max-video-preview:-1"},"canonical":"https:\/\/www.tui.com\/blog\/genuss\/","og_locale":"de_DE","og_type":"article","og_title":"Wellness, Genuss & Entspannung auf dem TUI.com Reiseblog","og_description":"Hier gibt es wertvolle Urlaubstipps, bei denen es vor allem um Rezepte, Luxus, Gourmet- und Wellnessthemen geht. Von Genie\u00dfern f\u00fcr Genie\u00dfer!","og_url":"https:\/\/www.tui.com\/blog\/genuss\/","og_site_name":"TUI.com Reiseblog \u2600","article_modified_time":"2025-02-11T13:18:31+00:00","og_image":[{"width":1920,"height":642,"url":"https:\/\/www.tui.com\/blog\/wp-content\/uploads\/2023\/03\/kategoriebild-genuss-AdobeStock_106177123.jpg","type":"image\/jpeg"}],"twitter_card":"summary_large_image","schema":{"@context":"https:\/\/schema.org","@graph":[{"@type":"WebPage","@id":"https:\/\/www.tui.com\/blog\/genuss\/","url":"https:\/\/www.tui.com\/blog\/genuss\/","name":"Wellness, Genuss & Entspannung auf dem TUI.com Reiseblog","isPartOf":{"@id":"https:\/\/www.tui.com\/blog\/#website"},"primaryImageOfPage":{"@id":"https:\/\/www.tui.com\/blog\/genuss\/#primaryimage"},"image":{"@id":"https:\/\/www.tui.com\/blog\/genuss\/#primaryimage"},"thumbnailUrl":"https:\/\/www.tui.com\/blog\/wp-content\/uploads\/2023\/03\/kategoriebild-genuss-AdobeStock_106177123.jpg","datePublished":"2023-09-28T08:32:42+00:00","dateModified":"2025-02-11T13:18:31+00:00","description":"Hier gibt es wertvolle Urlaubstipps, bei denen es vor allem um Rezepte, Luxus, Gourmet- und Wellnessthemen geht. Von Genie\u00dfern f\u00fcr Genie\u00dfer!","breadcrumb":{"@id":"https:\/\/www.tui.com\/blog\/genuss\/#breadcrumb"},"inLanguage":"de","potentialAction":[{"@type":"ReadAction","target":["https:\/\/www.tui.com\/blog\/genuss\/"]}]},{"@type":"ImageObject","inLanguage":"de","@id":"https:\/\/www.tui.com\/blog\/genuss\/#primaryimage","url":"https:\/\/www.tui.com\/blog\/wp-content\/uploads\/2023\/03\/kategoriebild-genuss-AdobeStock_106177123.jpg","contentUrl":"https:\/\/www.tui.com\/blog\/wp-content\/uploads\/2023\/03\/kategoriebild-genuss-AdobeStock_106177123.jpg","width":1920,"height":642,"caption":"Ein gut gef\u00fcllter Tisch"},{"@type":"BreadcrumbList","@id":"https:\/\/www.tui.com\/blog\/genuss\/#breadcrumb","itemListElement":[{"@type":"ListItem","position":1,"name":"Startseite","item":"https:\/\/www.tui.com\/blog\/"},{"@type":"ListItem","position":2,"name":"Genuss"}]},{"@type":"WebSite","@id":"https:\/\/www.tui.com\/blog\/#website","url":"https:\/\/www.tui.com\/blog\/","name":"TUI.com Reiseblog \u2600","description":"Abenteuer oder lieber an den Strand? \u2600 Der TUI Reiseblog bietet tolle Infos rund um deine n\u00e4chste Reise \u2708 Komm vorbei und lass dich inspirieren \u221a","publisher":{"@id":"https:\/\/www.tui.com\/blog\/#organization"},"potentialAction":[{"@type":"SearchAction","target":{"@type":"EntryPoint","urlTemplate":"https:\/\/www.tui.com\/blog\/?s={search_term_string}"},"query-input":{"@type":"PropertyValueSpecification","valueRequired":true,"valueName":"search_term_string"}}],"inLanguage":"de"},{"@type":"Organization","@id":"https:\/\/www.tui.com\/blog\/#organization","name":"TUI.com Reiseblog \u2600","url":"https:\/\/www.tui.com\/blog\/","logo":{"@type":"ImageObject","inLanguage":"de","@id":"https:\/\/www.tui.com\/blog\/#\/schema\/logo\/image\/","url":"https:\/\/www.tui.com\/blog\/wp-content\/uploads\/2023\/04\/cropped-tui-logo-3.png","contentUrl":"https:\/\/www.tui.com\/blog\/wp-content\/uploads\/2023\/04\/cropped-tui-logo-3.png","width":164,"height":72,"caption":"TUI.com Reiseblog \u2600"},"image":{"@id":"https:\/\/www.tui.com\/blog\/#\/schema\/logo\/image\/"}}]}},"_links":{"self":[{"href":"https:\/\/www.tui.com\/blog\/wp-json\/wp\/v2\/pages\/412104","targetHints":{"allow":["GET"]}}],"collection":[{"href":"https:\/\/www.tui.com\/blog\/wp-json\/wp\/v2\/pages"}],"about":[{"href":"https:\/\/www.tui.com\/blog\/wp-json\/wp\/v2\/types\/page"}],"author":[{"embeddable":true,"href":"https:\/\/www.tui.com\/blog\/wp-json\/wp\/v2\/users\/160"}],"replies":[{"embeddable":true,"href":"https:\/\/www.tui.com\/blog\/wp-json\/wp\/v2\/comments?post=412104"}],"version-history":[{"count":4,"href":"https:\/\/www.tui.com\/blog\/wp-json\/wp\/v2\/pages\/412104\/revisions"}],"predecessor-version":[{"id":456418,"href":"https:\/\/www.tui.com\/blog\/wp-json\/wp\/v2\/pages\/412104\/revisions\/456418"}],"wp:featuredmedia":[{"embeddable":true,"href":"https:\/\/www.tui.com\/blog\/wp-json\/wp\/v2\/media\/86277"}],"wp:attachment":[{"href":"https:\/\/www.tui.com\/blog\/wp-json\/wp\/v2\/media?parent=412104"}],"curies":[{"name":"wp","href":"https:\/\/api.w.org\/{rel}","templated":true}]}}