{"id":468678,"date":"2025-05-14T15:48:58","date_gmt":"2025-05-14T13:48:58","guid":{"rendered":"https:\/\/blog.tui.info\/?page_id=425484"},"modified":"2025-07-04T09:35:02","modified_gmt":"2025-07-04T07:35:02","slug":"aegypten","status":"publish","type":"page","link":"https:\/\/www.tui.com\/blog\/reiseziele\/aegypten\/","title":{"rendered":"\u00c4gypten"},"content":{"rendered":"<div class=\"gb-container gb-container-af47a24d\"><div class=\"gb-inside-container\">\n<div class=\"gb-container gb-container-5c7c3cd9\"><div class=\"gb-inside-container\">\n<div class=\"gb-grid-wrapper gb-grid-wrapper-4674d008\">\n<div class=\"gb-grid-column gb-grid-column-e5cdbe06\"><div class=\"gb-container gb-container-e5cdbe06\">\n\n<p class=\"gb-headline gb-headline-3528e644 gb-headline-text\"><strong>Alle Blogbeitr\u00e4ge rund um \u00c4gypten<\/strong><\/p>\n\n\n\n<p class=\"has-text-align-center\"><strong><br><\/strong>Nur 4 bis 5 Flugstunden entfernt, tauchst du in eine Welt voller Geheimnisse und Magie: \u00c4gypten mit seinen Tempeln, m\u00e4chtigen Pyramiden und endlosen Sandstr\u00e4nden am t\u00fcrkisfarbenen Roten Meer. Ob du tauchen oder schnorcheln m\u00f6chtest, am Strand relaxen willst oder auf Abenteuer aus bist \u2013 <strong>\u00c4gypten<\/strong> bietet dir eine spannende Mischung aus Erlebnissen und unvergesslichen Momenten. Auf dem TUI Reiseblog geben wir dir Einblicke in diese Welt.<\/p>\n\n<\/div><\/div>\n<\/div>\n<\/div><\/div>\n<\/div><\/div>\n\n<div class=\"gb-container gb-container-86c519b2\">\n\n<h2 class=\"gb-headline gb-headline-dc039d34 gb-headline-text\">Unsere Top Artikel<\/h2>\n\n\n    <div class=\"toparticle-item toparticle-block\">\r\n        <div class=\"row\">\r\n                            <article class=\"toparticle\" style=\"background-image: url('https:\/\/www.tui.com\/blog\/wp-content\/uploads\/2025\/02\/top-10-aegypten-sehenswuerdigkeiten-beitragsbild-shutterstock_2458806721-alexanton.jpg')\" role=\"img\" aria-label=\"\u00c4gyptens Sehensw\u00fcrdigkeiten\">\r\n                    <a href=\"https:\/\/www.tui.com\/blog\/top-aegypten-sehenswuerdigkeiten\/\" target=\"https:\/\/www.tui.com\/blog\/top-aegypten-sehenswuerdigkeiten\/\" class=\"toparticle-gradient\" aria-label=\"Top Article Link\"><\/a>\r\n                                            <div class=\"toparticle-panel \">\r\n                            <p class=\"toparticle-title\">\u00c4gyptens Sehensw\u00fcrdigkeiten<\/p>\r\n                            <p class=\"toparticle-subtitle\">TOP 10<\/p>                        <\/div>\r\n                                    <\/article>\r\n                            <article class=\"toparticle\" style=\"background-image: url('https:\/\/www.tui.com\/blog\/wp-content\/uploads\/2025\/02\/aegyptisches-essen-10-beruehmte-gerichte.jpg')\" role=\"img\" aria-label=\"Einblicke ins \u00c4gyptens Kulinarik\">\r\n                    <a href=\"https:\/\/www.tui.com\/blog\/essen-in-aegypten-entdecke-die-kulinarischen-spezialitaeten\/\" target=\"https:\/\/www.tui.com\/blog\/essen-in-aegypten-entdecke-die-kulinarischen-spezialitaeten\/\" class=\"toparticle-gradient\" aria-label=\"Top Article Link\"><\/a>\r\n                                            <div class=\"toparticle-panel \">\r\n                            <p class=\"toparticle-title\">Einblicke ins \u00c4gyptens Kulinarik<\/p>\r\n                                                    <\/div>\r\n                                    <\/article>\r\n                    <\/div>\r\n    <\/div>\r\n\n<\/div>\n\n<div class=\"gb-container gb-container-0471e53d\"><div class=\"gb-inside-container\">\n<section class=\"article-block container\">\r\n\r\n    <h2>Unsere neusten \u00c4gypten-Artikel<\/h2>\r\n            <div class=\"highlighted-article\" id=\"\">\r\n            \r\n                                            \r\n\r\n                    <article class=\"highlighted-article--container\">\r\n                        <div class=\"highlighted-article__grid\">\r\n                            <a href=\"https:\/\/www.tui.com\/blog\/erwachsenenhotel-aegypten\/\" class=\"teaser\" style=\"background-image:url('https:\/\/www.tui.com\/blog\/wp-content\/uploads\/2021\/08\/beitragsbild-rixos-sharm-el-sheikh-adults-onlyerwachsenenhotel-aegypten.jpg');\" aria-label=\"Erwachsenenhotel \u00c4gypten: unsere sch\u00f6nsten Adults Only Hotels\"><\/a>\r\n                            <div class=\"highlighted-article__content\">\r\n                                                                                                    <span class=\"highlighted-article__category\">\u00c4gypten<\/span>\r\n                                                                <h3 class=\"title\"><a href=\"https:\/\/www.tui.com\/blog\/erwachsenenhotel-aegypten\/\">Erwachsenenhotel \u00c4gypten: unsere sch\u00f6nsten Adults Only Hotels<\/a><\/h3>\r\n                                <time datetime=\"Mi..M\u00e4rz.2026\" itemprop=\"datePublished\">25.03.2026<\/time>\r\n                                <p class=\"excerpt\">Du w\u00fcnscht dir Ruhe und Entspannung im Urlaub? Dann ist ein Erwachsenenhotel in \u00c4gypten vielleicht genau das Richtige f\u00fcr dich. Wenn du lieber mehr Abwechslung, stilvolle Poolmomente und entspannte Beats suchst, findest du hier ebenfalls passende Empfehlungen. In diesem Artikel vergleichen wir Top-Erwachsenenhotels in \u00c4gypten und zeigen dir, welches Hotel am besten zu deinen Urlaubsw\u00fcnschen passt <span class=\"read-more\"><a href=\"https:\/\/www.tui.com\/blog\/erwachsenenhotel-aegypten\/\">Weiterlesen<\/a><\/span><\/p>\r\n                            <\/div>\r\n                        <\/div>\r\n\r\n                    <\/article>\r\n\r\n                \r\n                                                                <div class=\"articles\">\r\n                                                <a href=\"https:\/\/www.tui.com\/blog\/zwischen-rochen-loewenfisch-und-co-tauchen-im-roten-meer\/\" aria-label=\"Zwischen Rochen, Hai und Co.: Die TOP Tauchspots in \u00c4gypten\">\r\n                            <img decoding=\"async\" src=\"https:\/\/www.tui.com\/blog\/wp-content\/uploads\/2015\/11\/beitragsbild-tauchen-im-roten-meer-feuerfisch-390x220.jpg\" loading=\"lazy\" width=\"100%\" height=\"auto\" alt=\"\">\r\n                        <\/a>\r\n                        <div class=\"\">\r\n                                                        <div class=\"info-grid\">\r\n                                <div><span class=\"highlighted-article__category\">Aktivurlaub<\/span><\/div>\r\n                                <div class=\"time\"><time datetime=\"Mi..Nov..2025\" itemprop=\"datePublished\">05.11.2025<\/time><\/div>\r\n                            <\/div>\r\n                            <h3 class=\"title\"><a href=\"https:\/\/www.tui.com\/blog\/zwischen-rochen-loewenfisch-und-co-tauchen-im-roten-meer\/\">Zwischen Rochen, Hai und Co.: Die TOP Tauchspots in \u00c4gypten<\/a><\/h3>\r\n                        <\/div>\r\n                    <\/div>\r\n\r\n                \r\n                                                                <div class=\"articles\">\r\n                                                <a href=\"https:\/\/www.tui.com\/blog\/aegypten-strand\/\" aria-label=\"Die Top 10 sch\u00f6nsten \u00c4gypten Str\u00e4nde zum Baden im Roten Meer\">\r\n                            <img decoding=\"async\" src=\"https:\/\/www.tui.com\/blog\/wp-content\/uploads\/2021\/09\/aegypten-strand-die-top-10-schoensten-390x220.jpg\" loading=\"lazy\" width=\"100%\" height=\"auto\" alt=\"\u00c4gypten Strand: Die Top 10 sch\u00f6nsten Str\u00e4nde \u00c4gyptens zum Baden im Roten Meer\">\r\n                        <\/a>\r\n                        <div class=\"\">\r\n                                                        <div class=\"info-grid\">\r\n                                <div><span class=\"highlighted-article__category\">Reisearten<\/span><\/div>\r\n                                <div class=\"time\"><time datetime=\"Mi..Aug..2025\" itemprop=\"datePublished\">27.08.2025<\/time><\/div>\r\n                            <\/div>\r\n                            <h3 class=\"title\"><a href=\"https:\/\/www.tui.com\/blog\/aegypten-strand\/\">Die Top 10 sch\u00f6nsten \u00c4gypten Str\u00e4nde zum Baden im Roten Meer<\/a><\/h3>\r\n                        <\/div>\r\n                    <\/div>\r\n\r\n                \r\n                                                                <div class=\"articles\">\r\n                                                <a href=\"https:\/\/www.tui.com\/blog\/schnorcheln-in-marsa-alam\/\" aria-label=\"Schnorcheln in Marsa Alam\">\r\n                            <img decoding=\"async\" src=\"https:\/\/www.tui.com\/blog\/wp-content\/uploads\/2023\/09\/schnorcheln-in-marsa-alam-korallenriff-mit-fischen-und-schildkroete-beitragsbild-adobestock-100526045-vlad61-61.jpg\" loading=\"lazy\" width=\"100%\" height=\"auto\" alt=\"Korallenriff in Marsa Alam mit farbenfrohen Fischen und Schildkr\u00f6te.\">\r\n                        <\/a>\r\n                        <div class=\"\">\r\n                                                        <div class=\"info-grid\">\r\n                                <div><span class=\"highlighted-article__category\">\u00c4gypten<\/span><\/div>\r\n                                <div class=\"time\"><time datetime=\"Di..Aug..2025\" itemprop=\"datePublished\">05.08.2025<\/time><\/div>\r\n                            <\/div>\r\n                            <h3 class=\"title\"><a href=\"https:\/\/www.tui.com\/blog\/schnorcheln-in-marsa-alam\/\">Schnorcheln in Marsa Alam<\/a><\/h3>\r\n                        <\/div>\r\n                    <\/div>\r\n\r\n                \r\n                                                                <div class=\"articles\">\r\n                                                <a href=\"https:\/\/www.tui.com\/blog\/luxushotel-aegypten-unsere-top-7\/\" aria-label=\"Luxushotel \u00c4gypten: hier sind unsere TOP 10\">\r\n                            <img decoding=\"async\" src=\"https:\/\/www.tui.com\/blog\/wp-content\/uploads\/2025\/11\/luxushotel-aegypten-beitragsbild-adobestock-688952169-the-2r-artificiality-390x220.jpg\" loading=\"lazy\" width=\"100%\" height=\"auto\" alt=\"Blick auf einen hellen Sandstrand mit Strohsonnenschirm und zwei Sonnenliegen, t\u00fcrkisfarbenes Meer, \u00c4gypten\">\r\n                        <\/a>\r\n                        <div class=\"\">\r\n                                                        <div class=\"info-grid\">\r\n                                <div><span class=\"highlighted-article__category\">\u00c4gypten<\/span><\/div>\r\n                                <div class=\"time\"><time datetime=\"Di..Juli.2025\" itemprop=\"datePublished\">08.07.2025<\/time><\/div>\r\n                            <\/div>\r\n                            <h3 class=\"title\"><a href=\"https:\/\/www.tui.com\/blog\/luxushotel-aegypten-unsere-top-7\/\">Luxushotel \u00c4gypten: hier sind unsere TOP 10<\/a><\/h3>\r\n                        <\/div>\r\n                    <\/div>\r\n\r\n                \r\n                                                                <div class=\"articles\">\r\n                                                <a href=\"https:\/\/www.tui.com\/blog\/top-aegypten-sehenswuerdigkeiten\/\" aria-label=\"Die Top 10 \u00c4gypten Sehensw\u00fcrdigkeiten\u00a0\">\r\n                            <img decoding=\"async\" src=\"https:\/\/www.tui.com\/blog\/wp-content\/uploads\/2025\/02\/top-10-aegypten-sehenswuerdigkeiten-beitragsbild-shutterstock_2458806721-alexanton-390x220.jpg\" loading=\"lazy\" width=\"100%\" height=\"auto\" alt=\"\">\r\n                        <\/a>\r\n                        <div class=\"\">\r\n                                                        <div class=\"info-grid\">\r\n                                <div><span class=\"highlighted-article__category\">Reiseziele<\/span><\/div>\r\n                                <div class=\"time\"><time datetime=\"Di..M\u00e4rz.2025\" itemprop=\"datePublished\">11.03.2025<\/time><\/div>\r\n                            <\/div>\r\n                            <h3 class=\"title\"><a href=\"https:\/\/www.tui.com\/blog\/top-aegypten-sehenswuerdigkeiten\/\">Die Top 10 \u00c4gypten Sehensw\u00fcrdigkeiten\u00a0<\/a><\/h3>\r\n                        <\/div>\r\n                    <\/div>\r\n\r\n                \r\n                                                                <div class=\"articles\">\r\n                                                <a href=\"https:\/\/www.tui.com\/blog\/essen-in-aegypten-entdecke-die-kulinarischen-spezialitaeten\/\" aria-label=\"Essen in \u00c4gypten &#8211; entdecke die kulinarischen Spezialit\u00e4ten\">\r\n                            <img decoding=\"async\" src=\"https:\/\/www.tui.com\/blog\/wp-content\/uploads\/2025\/02\/aegyptisches-essen-10-beruehmte-gerichte-390x220.jpg\" loading=\"lazy\" width=\"100%\" height=\"auto\" alt=\"\u00c4gyptisches Essen: 10 ber\u00fchmte Gerichte\">\r\n                        <\/a>\r\n                        <div class=\"\">\r\n                                                        <div class=\"info-grid\">\r\n                                <div><span class=\"highlighted-article__category\">Reiseziele<\/span><\/div>\r\n                                <div class=\"time\"><time datetime=\"Di..M\u00e4rz.2025\" itemprop=\"datePublished\">04.03.2025<\/time><\/div>\r\n                            <\/div>\r\n                            <h3 class=\"title\"><a href=\"https:\/\/www.tui.com\/blog\/essen-in-aegypten-entdecke-die-kulinarischen-spezialitaeten\/\">Essen in \u00c4gypten &#8211; entdecke die kulinarischen Spezialit\u00e4ten<\/a><\/h3>\r\n                        <\/div>\r\n                    <\/div>\r\n\r\n                \r\n                                    \r\n        <\/div>\r\n    \r\n<\/section>\n<\/div><\/div>\n\n<div class=\"gb-container gb-container-e990a9b7\">\n<div class=\"gb-button-wrapper gb-button-wrapper-667eabda\">\n\n<a class=\"gb-button gb-button-47db0ba3 gb-button-text tui-btn\" href=\"https:\/\/www.tui.com\/blog\/archiv-reiseziele\/archiv-aegypten\/page\/2\/\">Alle ansehen<\/a>\n\n<\/div>\n<\/div>\n\n<div class=\"gb-container gb-container-7756686b\"><div class=\"gb-inside-container\">\n<div class=\"gb-container gb-container-929eed9e\"><div class=\"gb-inside-container\"><\/div><\/div>\n<\/div><\/div>\n\n\n<p><\/p>\n","protected":false},"excerpt":{"rendered":"<p>Unsere Top Artikel<\/p>\n","protected":false},"author":160,"featured_media":469006,"parent":468670,"menu_order":0,"comment_status":"closed","ping_status":"closed","template":"","meta":{"_acf_changed":false,"footnotes":""},"class_list":["post-468678","page","type-page","status-publish","has-post-thumbnail"],"acf":[],"yoast_head":"<!-- This site is optimized with the Yoast SEO plugin v27.4 - https:\/\/yoast.com\/product\/yoast-seo-wordpress\/ -->\n<title>\u00c4gypten \ud83d\udc2b Inspiration auf dem TUI Blog<\/title>\n<meta name=\"description\" content=\"Tauche ein in eine komplett andere Welt: \u00c4gyptens bunte Vielfalt und Magie zeigen wir dir auf dem TUI Reiseblog.\" \/>\n<meta name=\"robots\" content=\"index, follow, max-snippet:-1, max-image-preview:large, max-video-preview:-1\" \/>\n<link rel=\"canonical\" href=\"https:\/\/www.tui.com\/blog\/reiseziele\/aegypten\/\" \/>\n<meta property=\"og:locale\" content=\"de_DE\" \/>\n<meta property=\"og:type\" content=\"article\" \/>\n<meta property=\"og:title\" content=\"\u00c4gypten \ud83d\udc2b Inspiration auf dem TUI Blog\" \/>\n<meta property=\"og:description\" content=\"Tauche ein in eine komplett andere Welt: \u00c4gyptens bunte Vielfalt und Magie zeigen wir dir auf dem TUI Reiseblog.\" \/>\n<meta property=\"og:url\" content=\"https:\/\/www.tui.com\/blog\/reiseziele\/aegypten\/\" \/>\n<meta property=\"og:site_name\" content=\"TUI.com Reiseblog \u2600\" \/>\n<meta property=\"article:modified_time\" content=\"2025-07-04T07:35:02+00:00\" \/>\n<meta property=\"og:image\" content=\"https:\/\/www.tui.com\/blog\/wp-content\/uploads\/2025\/05\/aegypten-kairo-AdobeStock-272614583-AlexAnton.webp\" \/>\n\t<meta property=\"og:image:width\" content=\"1920\" \/>\n\t<meta property=\"og:image:height\" content=\"651\" \/>\n\t<meta property=\"og:image:type\" content=\"image\/webp\" \/>\n<meta name=\"twitter:card\" content=\"summary_large_image\" \/>\n<script type=\"application\/ld+json\" class=\"yoast-schema-graph\">{\"@context\":\"https:\\\/\\\/schema.org\",\"@graph\":[{\"@type\":\"WebPage\",\"@id\":\"https:\\\/\\\/www.tui.com\\\/blog\\\/reiseziele\\\/aegypten\\\/\",\"url\":\"https:\\\/\\\/www.tui.com\\\/blog\\\/reiseziele\\\/aegypten\\\/\",\"name\":\"\u00c4gypten \ud83d\udc2b Inspiration auf dem TUI Blog\",\"isPartOf\":{\"@id\":\"https:\\\/\\\/www.tui.com\\\/blog\\\/#website\"},\"primaryImageOfPage\":{\"@id\":\"https:\\\/\\\/www.tui.com\\\/blog\\\/reiseziele\\\/aegypten\\\/#primaryimage\"},\"image\":{\"@id\":\"https:\\\/\\\/www.tui.com\\\/blog\\\/reiseziele\\\/aegypten\\\/#primaryimage\"},\"thumbnailUrl\":\"https:\\\/\\\/www.tui.com\\\/blog\\\/wp-content\\\/uploads\\\/2025\\\/05\\\/aegypten-kairo-AdobeStock-272614583-AlexAnton.webp\",\"datePublished\":\"2025-05-14T13:48:58+00:00\",\"dateModified\":\"2025-07-04T07:35:02+00:00\",\"description\":\"Tauche ein in eine komplett andere Welt: \u00c4gyptens bunte Vielfalt und Magie zeigen wir dir auf dem TUI Reiseblog.\",\"breadcrumb\":{\"@id\":\"https:\\\/\\\/www.tui.com\\\/blog\\\/reiseziele\\\/aegypten\\\/#breadcrumb\"},\"inLanguage\":\"de\",\"potentialAction\":[{\"@type\":\"ReadAction\",\"target\":[\"https:\\\/\\\/www.tui.com\\\/blog\\\/reiseziele\\\/aegypten\\\/\"]}]},{\"@type\":\"ImageObject\",\"inLanguage\":\"de\",\"@id\":\"https:\\\/\\\/www.tui.com\\\/blog\\\/reiseziele\\\/aegypten\\\/#primaryimage\",\"url\":\"https:\\\/\\\/www.tui.com\\\/blog\\\/wp-content\\\/uploads\\\/2025\\\/05\\\/aegypten-kairo-AdobeStock-272614583-AlexAnton.webp\",\"contentUrl\":\"https:\\\/\\\/www.tui.com\\\/blog\\\/wp-content\\\/uploads\\\/2025\\\/05\\\/aegypten-kairo-AdobeStock-272614583-AlexAnton.webp\",\"width\":1920,\"height\":651,\"caption\":\"Kairo Stadt\"},{\"@type\":\"BreadcrumbList\",\"@id\":\"https:\\\/\\\/www.tui.com\\\/blog\\\/reiseziele\\\/aegypten\\\/#breadcrumb\",\"itemListElement\":[{\"@type\":\"ListItem\",\"position\":1,\"name\":\"Startseite\",\"item\":\"https:\\\/\\\/www.tui.com\\\/blog\\\/\"},{\"@type\":\"ListItem\",\"position\":2,\"name\":\"Reiseziele\",\"item\":\"https:\\\/\\\/www.tui.com\\\/blog\\\/reiseziele\\\/\"},{\"@type\":\"ListItem\",\"position\":3,\"name\":\"\u00c4gypten\"}]},{\"@type\":\"WebSite\",\"@id\":\"https:\\\/\\\/www.tui.com\\\/blog\\\/#website\",\"url\":\"https:\\\/\\\/www.tui.com\\\/blog\\\/\",\"name\":\"TUI.com Reiseblog \u2600\",\"description\":\"Abenteuer oder lieber an den Strand? \u2600 Der TUI Reiseblog bietet tolle Infos rund um deine n\u00e4chste Reise \u2708 Komm vorbei und lass dich inspirieren \u221a\",\"publisher\":{\"@id\":\"https:\\\/\\\/www.tui.com\\\/blog\\\/#organization\"},\"potentialAction\":[{\"@type\":\"SearchAction\",\"target\":{\"@type\":\"EntryPoint\",\"urlTemplate\":\"https:\\\/\\\/www.tui.com\\\/blog\\\/?s={search_term_string}\"},\"query-input\":{\"@type\":\"PropertyValueSpecification\",\"valueRequired\":true,\"valueName\":\"search_term_string\"}}],\"inLanguage\":\"de\"},{\"@type\":\"Organization\",\"@id\":\"https:\\\/\\\/www.tui.com\\\/blog\\\/#organization\",\"name\":\"TUI.com Reiseblog \u2600\",\"url\":\"https:\\\/\\\/www.tui.com\\\/blog\\\/\",\"logo\":{\"@type\":\"ImageObject\",\"inLanguage\":\"de\",\"@id\":\"https:\\\/\\\/www.tui.com\\\/blog\\\/#\\\/schema\\\/logo\\\/image\\\/\",\"url\":\"https:\\\/\\\/www.tui.com\\\/blog\\\/wp-content\\\/uploads\\\/2023\\\/04\\\/cropped-tui-logo-3.png\",\"contentUrl\":\"https:\\\/\\\/www.tui.com\\\/blog\\\/wp-content\\\/uploads\\\/2023\\\/04\\\/cropped-tui-logo-3.png\",\"width\":164,\"height\":72,\"caption\":\"TUI.com Reiseblog \u2600\"},\"image\":{\"@id\":\"https:\\\/\\\/www.tui.com\\\/blog\\\/#\\\/schema\\\/logo\\\/image\\\/\"}}]}<\/script>\n<!-- \/ Yoast SEO plugin. -->","yoast_head_json":{"title":"\u00c4gypten \ud83d\udc2b Inspiration auf dem TUI Blog","description":"Tauche ein in eine komplett andere Welt: \u00c4gyptens bunte Vielfalt und Magie zeigen wir dir auf dem TUI Reiseblog.","robots":{"index":"index","follow":"follow","max-snippet":"max-snippet:-1","max-image-preview":"max-image-preview:large","max-video-preview":"max-video-preview:-1"},"canonical":"https:\/\/www.tui.com\/blog\/reiseziele\/aegypten\/","og_locale":"de_DE","og_type":"article","og_title":"\u00c4gypten \ud83d\udc2b Inspiration auf dem TUI Blog","og_description":"Tauche ein in eine komplett andere Welt: \u00c4gyptens bunte Vielfalt und Magie zeigen wir dir auf dem TUI Reiseblog.","og_url":"https:\/\/www.tui.com\/blog\/reiseziele\/aegypten\/","og_site_name":"TUI.com Reiseblog \u2600","article_modified_time":"2025-07-04T07:35:02+00:00","og_image":[{"width":1920,"height":651,"url":"https:\/\/www.tui.com\/blog\/wp-content\/uploads\/2025\/05\/aegypten-kairo-AdobeStock-272614583-AlexAnton.webp","type":"image\/webp"}],"twitter_card":"summary_large_image","schema":{"@context":"https:\/\/schema.org","@graph":[{"@type":"WebPage","@id":"https:\/\/www.tui.com\/blog\/reiseziele\/aegypten\/","url":"https:\/\/www.tui.com\/blog\/reiseziele\/aegypten\/","name":"\u00c4gypten \ud83d\udc2b Inspiration auf dem TUI Blog","isPartOf":{"@id":"https:\/\/www.tui.com\/blog\/#website"},"primaryImageOfPage":{"@id":"https:\/\/www.tui.com\/blog\/reiseziele\/aegypten\/#primaryimage"},"image":{"@id":"https:\/\/www.tui.com\/blog\/reiseziele\/aegypten\/#primaryimage"},"thumbnailUrl":"https:\/\/www.tui.com\/blog\/wp-content\/uploads\/2025\/05\/aegypten-kairo-AdobeStock-272614583-AlexAnton.webp","datePublished":"2025-05-14T13:48:58+00:00","dateModified":"2025-07-04T07:35:02+00:00","description":"Tauche ein in eine komplett andere Welt: \u00c4gyptens bunte Vielfalt und Magie zeigen wir dir auf dem TUI Reiseblog.","breadcrumb":{"@id":"https:\/\/www.tui.com\/blog\/reiseziele\/aegypten\/#breadcrumb"},"inLanguage":"de","potentialAction":[{"@type":"ReadAction","target":["https:\/\/www.tui.com\/blog\/reiseziele\/aegypten\/"]}]},{"@type":"ImageObject","inLanguage":"de","@id":"https:\/\/www.tui.com\/blog\/reiseziele\/aegypten\/#primaryimage","url":"https:\/\/www.tui.com\/blog\/wp-content\/uploads\/2025\/05\/aegypten-kairo-AdobeStock-272614583-AlexAnton.webp","contentUrl":"https:\/\/www.tui.com\/blog\/wp-content\/uploads\/2025\/05\/aegypten-kairo-AdobeStock-272614583-AlexAnton.webp","width":1920,"height":651,"caption":"Kairo Stadt"},{"@type":"BreadcrumbList","@id":"https:\/\/www.tui.com\/blog\/reiseziele\/aegypten\/#breadcrumb","itemListElement":[{"@type":"ListItem","position":1,"name":"Startseite","item":"https:\/\/www.tui.com\/blog\/"},{"@type":"ListItem","position":2,"name":"Reiseziele","item":"https:\/\/www.tui.com\/blog\/reiseziele\/"},{"@type":"ListItem","position":3,"name":"\u00c4gypten"}]},{"@type":"WebSite","@id":"https:\/\/www.tui.com\/blog\/#website","url":"https:\/\/www.tui.com\/blog\/","name":"TUI.com Reiseblog \u2600","description":"Abenteuer oder lieber an den Strand? \u2600 Der TUI Reiseblog bietet tolle Infos rund um deine n\u00e4chste Reise \u2708 Komm vorbei und lass dich inspirieren \u221a","publisher":{"@id":"https:\/\/www.tui.com\/blog\/#organization"},"potentialAction":[{"@type":"SearchAction","target":{"@type":"EntryPoint","urlTemplate":"https:\/\/www.tui.com\/blog\/?s={search_term_string}"},"query-input":{"@type":"PropertyValueSpecification","valueRequired":true,"valueName":"search_term_string"}}],"inLanguage":"de"},{"@type":"Organization","@id":"https:\/\/www.tui.com\/blog\/#organization","name":"TUI.com Reiseblog \u2600","url":"https:\/\/www.tui.com\/blog\/","logo":{"@type":"ImageObject","inLanguage":"de","@id":"https:\/\/www.tui.com\/blog\/#\/schema\/logo\/image\/","url":"https:\/\/www.tui.com\/blog\/wp-content\/uploads\/2023\/04\/cropped-tui-logo-3.png","contentUrl":"https:\/\/www.tui.com\/blog\/wp-content\/uploads\/2023\/04\/cropped-tui-logo-3.png","width":164,"height":72,"caption":"TUI.com Reiseblog \u2600"},"image":{"@id":"https:\/\/www.tui.com\/blog\/#\/schema\/logo\/image\/"}}]}},"_links":{"self":[{"href":"https:\/\/www.tui.com\/blog\/wp-json\/wp\/v2\/pages\/468678","targetHints":{"allow":["GET"]}}],"collection":[{"href":"https:\/\/www.tui.com\/blog\/wp-json\/wp\/v2\/pages"}],"about":[{"href":"https:\/\/www.tui.com\/blog\/wp-json\/wp\/v2\/types\/page"}],"author":[{"embeddable":true,"href":"https:\/\/www.tui.com\/blog\/wp-json\/wp\/v2\/users\/160"}],"replies":[{"embeddable":true,"href":"https:\/\/www.tui.com\/blog\/wp-json\/wp\/v2\/comments?post=468678"}],"version-history":[{"count":7,"href":"https:\/\/www.tui.com\/blog\/wp-json\/wp\/v2\/pages\/468678\/revisions"}],"predecessor-version":[{"id":476240,"href":"https:\/\/www.tui.com\/blog\/wp-json\/wp\/v2\/pages\/468678\/revisions\/476240"}],"up":[{"embeddable":true,"href":"https:\/\/www.tui.com\/blog\/wp-json\/wp\/v2\/pages\/468670"}],"wp:featuredmedia":[{"embeddable":true,"href":"https:\/\/www.tui.com\/blog\/wp-json\/wp\/v2\/media\/469006"}],"wp:attachment":[{"href":"https:\/\/www.tui.com\/blog\/wp-json\/wp\/v2\/media?parent=468678"}],"curies":[{"name":"wp","href":"https:\/\/api.w.org\/{rel}","templated":true}]}}