{"id":486772,"date":"2026-04-22T10:37:20","date_gmt":"2026-04-22T08:37:20","guid":{"rendered":"https:\/\/www.tui.com\/blog\/?page_id=486772"},"modified":"2026-04-22T11:52:11","modified_gmt":"2026-04-22T09:52:11","slug":"teilnahmebedingungen-fuer-das-tui-magic-life-plimmiri-gewinnspiel","status":"publish","type":"page","link":"https:\/\/www.tui.com\/blog\/teilnahmebedingungen-fuer-das-tui-magic-life-plimmiri-gewinnspiel\/","title":{"rendered":"Teilnahmebedingungen f\u00fcr das TUI MAGIC LIFE Plimmiri Gewinnspiel"},"content":{"rendered":"\n<p><strong>1. Gewinnspiel, Teilnahmebedingungen<\/strong><\/p>\n\n\n\n<p><strong>1.1.<\/strong> Das Gewinnspiel findet vom <strong><strong>26.04.2026 bis zum 04.05.20<\/strong>26 statt. <\/strong>Teilnahmeschluss ist Montag, der 04.05.2026 um 12:00 Uhr.<\/p>\n\n\n\n<p><strong>1.2.<\/strong> Veranstalter des Gewinnspiels und verantwortlich f\u00fcr dessen Planung, Organisation und Durchf\u00fchrung ist die TUI Deutschland GmbH, Karl-Wiechert-Allee 23, D-30625 Hannover, (nachstehend: \u201eTUI\u201c).<\/p>\n\n\n\n<p><strong>1.3. <\/strong>Die Teilnahme an diesem Gewinnspiel und seine Durchf\u00fchrung richten sich nach den folgenden Bestimmungen. Durch Ihre Teilnahme an dem Gewinnspiel best\u00e4tigen Sie, dass Sie<\/p>\n\n\n\n<ul class=\"wp-block-list\">\n<li>sich mit diesen Teilnahmebedingungen einverstanden erkl\u00e4ren.<\/li>\n\n\n\n<li>im Fall Ihres Gewinns mit der Ver\u00f6ffentlichung ihres Namens und Wohnorts im Internet einverstanden sind.<\/li>\n\n\n\n<li>keine Kommentare mit anst\u00f6\u00dfigen, politischen, religi\u00f6sen oder beleidigenden Inhalten abgeben.<\/li>\n\n\n\n<li>einer uneingeschr\u00e4nkten Nutzung Ihres Beitrags zustimmen.<\/li>\n<\/ul>\n\n\n\n<p><strong>2. Teilnahme, Teilnahmevoraussetzungen, Ausschluss<\/strong><\/p>\n\n\n\n<p><strong>2.1. <\/strong>Die Teilnahme am Gewinnspiel ist kostenlos.<\/p>\n\n\n\n<p><strong>2.2. <\/strong>Teilnahmeberechtigt sind alle nat\u00fcrlichen Personen, die das 18. Lebensjahr vollendet haben. Mitarbeiter von TUI und den mit dieser im Sinne von \u00a715 AktG verbundenen Unternehmen sind nicht zur Teilnahme an diesem Wettbewerb berechtigt. Entsprechendes gilt f\u00fcr Reiseb\u00fcros mit TUI Vertretung.<\/p>\n\n\n\n<p><strong>2.3.<\/strong> Beim Gewinnspiel werden 7 N\u00e4chte im TUI MAGIC LIFE Plimmiri auf Rhodos f\u00fcr 2 Personen mit All Inclusive in einem Standard-Doppelzimmer verlost. Eine Person nimmt am Gewinnspiel teil, indem sie den Instagram Account von TUI Deutschland und TUI MAGIC LIFE folgt, unter dem Gewinnspiel Beitrag \u00fcber die Kommentarfunktion einen Kommentar mit der zur Gewinnspielfrage passenden Begr\u00fcndung\/Antwort\u00a0abgibt, zwei Personen markiert und die letzten 3 Beitr\u00e4ge liked. Mit der\u00a0ersten Teilnahme erkl\u00e4rt sich der Teilnehmer mit den vorliegenden Teilnahmebedingungen einverstanden.\u200b<\/p>\n\n\n\n<p>Die Teilnahme an der Verlosung der Gewinne ist pro Teilnehmer mehrmals w\u00e4hrend der Laufzeit m\u00f6glich. Jeder, der gem\u00e4\u00df dem vorstehenden Absatz teilnimmt, wird ohne Erf\u00fcllung weiterer Aufgaben bei der Verlosung ber\u00fccksichtigt.<\/p>\n\n\n\n<p><strong>2.4.<\/strong> TUI ist berechtigt, Teilnehmer, bei denen der Verdacht besteht, dass sie gegen diese Teilnahmebedingungen versto\u00dfen oder das Gewinnspiel manipulieren, von der Teilnahme auszuschlie\u00dfen und gegebenenfalls auch nachtr\u00e4glich Gewinne abzuerkennen und zur\u00fcckzufordern.<\/p>\n\n\n\n<p><strong>3. Abwicklung des Gewinnspiels, Gewinne<\/strong><\/p>\n\n\n\n<p><strong>3.1. <\/strong>Unter den jeweils gem\u00e4\u00df Ziff. 2.3 ber\u00fccksichtigten Teilnehmern entscheidet das Los unter Gew\u00e4hrleistung des Zufallsprinzips. Der Rechtsweg ist ausgeschlossen.<\/p>\n\n\n\n<p><strong>3.2.<\/strong> Der Gewinner des Gutscheins wird nach Ende der Laufzeit des Gewinnspiels per Zufall ermittelt. Zu gewinnen gibt es 7 N\u00e4chte im TUI MAGIC LIFE Plimmiri auf Rhodos f\u00fcr 2 Personen mit All Inclusive in einem Standard-Doppelzimmer. Der Gutschein ist kann f\u00fcr einen Aufenthalt bis Ende Mai 2027, abh\u00e4ngig von Vakanz\/Verf\u00fcgbarkeit\/Blackout Dates eingel\u00f6ste werden. Die Anreise ist nicht im Gewinn inkludiert.<\/p>\n\n\n\n<p><strong>3.3.<\/strong> Der Gewinner wird per Direktnachricht oder Kommentar von TUI Deutschland \u00fcber Instagram benachrichtigt und nach seinen Kontaktdaten f\u00fcr die \u00dcbermittlung des Gewinns gefragt.\u200b<\/p>\n\n\n\n<p><strong>3.4. <\/strong>Sollte sich ein Gewinner auf die Bekanntgabe\/Be\u00adnach\u00adrich\u00adtigung hin nicht innerhalb von 2 Wochen hinsichtlich der Annahme\/Inanspruchnahme des Gewinns \u00e4u\u00dfern, wird TUI den Gewinner erneut anschreiben und eine angemessene Frist zur Annahme\/In\u00adan\u00adspruchnahme setzen. Erfolgt daraufhin keine Erkl\u00e4rung des Gewinners innerhalb dieser Frist, so entf\u00e4llt der Gewinnanspruch ersatzlos und es wird ein Ersatzgewinner ermittelt. Der Gewinnanspruch ist nicht \u00fcbertragbar. Nicht bis zum jeweils genannten Einl\u00f6se-Termin in Anspruch genommene Gewinne verfallen. TUI steht nicht daf\u00fcr ein, dass der Gewinn tats\u00e4chlich durch den Gewinner in Anspruch genommen werden kann. Eine Barauszahlung, \u00c4nderung oder ein Tausch der Gewinne ist nicht m\u00f6glich.<\/p>\n\n\n\n<p><strong>3.5.<\/strong> Der Versand des Gutscheins erfolgt nach Beendigung des Gewinnspiels an die von dem Gewinner angegebene E-Mail Adresse<em>.<\/em> F\u00fcr den Fall, dass die von dem Gewinner angegebene E-Mail Adresse unrichtig ist und\/oder der Gewinn aus sonstigen Gr\u00fcnden nicht \u00fcbergeben werden kann, die der Gewinner zu vertreten hat, entf\u00e4llt der Gewinnanspruch.<\/p>\n\n\n\n<p><strong>3.6.<\/strong> Die zu gewinnenden Preise werden von der TUI Deutschland GmbH (TUI) bereitgestellt. Die TUI Deutschland \u00fcbernimmt keine Sachm\u00e4ngelhaftung, Garantie und\/oder Gew\u00e4hrleistungsanspr\u00fcche f\u00fcr die zu gewinnenden Sachpreise.<\/p>\n\n\n\n<p><strong>4. Datenschutzhinweis<\/strong><\/p>\n\n\n\n<p><strong>4.1. <\/strong>TUI erhebt personenbezogene Daten (Name, Geburtsdatum, Geschlecht, Land und E-Mail-Adresse), wenn Sie am Gewinnspiel teilnehmen. Dar\u00fcber hinaus erfragt TUI weitere personenbezogene Daten, soweit f\u00fcr die Gewinnabwicklung erforderlich. Die personenbezogenen Daten werden durch TUI f\u00fcr die Dauer des Gewinnspiels gespeichert und zum Zwecke der Gewinnermittlung und -abwicklung genutzt, bzw. an dritte weitergegeben und unterliegen unseren Datenschutzrichtlinien.<\/p>\n\n\n\n<p><strong>4.2<\/strong> Der Teilnehmer hat zu jeder Zeit den Anspruch auf Auskunft bez\u00fcglich oder Berichtigung seiner Daten nach den gesetzlichen Vorgaben und kann seine erteilte Einwilligung zur Verarbeitung der Daten jederzeit per E-Mail an blog@tui.com mit Wirkung f\u00fcr die Zukunft widerrufen.<\/p>\n\n\n\n<p><strong>5. Haftungsausschluss<\/strong><\/p>\n\n\n\n<p>TUI beh\u00e4lt sich vor, die Verf\u00fcgbarkeit dieser Internetseite (auch ohne vorherige Ank\u00fcndigung) ganz oder teilweise einzustellen oder den Zugang hierzu ganz oder teilweise einzuschr\u00e4nken. TUI \u00fcbernimmt vor diesem Hintergrund keine Verantwortung daf\u00fcr, dass diese Internetseiten jederzeit und\/oder unterbrechungsfrei in Anspruch genommen werden k\u00f6nnen.<\/p>\n\n\n\n<p><strong>6. Sonstiges<\/strong><\/p>\n\n\n\n<p>Diese Teilnahmebedingungen sowie die gesamte Rechtsbeziehung zwischen dem Teilnehmer und TUI unterliegen dem Recht der Bundesrepublik Deutschlandmit Ausnahme seiner kollisionsrechtlichen Bestimmungen.<\/p>\n\n\n\n<p>Sollte eine Bestimmung dieser Teilnahmebedingungen ung\u00fcltig sein oder werden, so bleibt die Wirksamkeit der \u00fcbrigen Bedingungen davon unber\u00fchrt.<\/p>\n","protected":false},"excerpt":{"rendered":"<p>1. Gewinnspiel, Teilnahmebedingungen 1.1. Das Gewinnspiel findet vom 26.04.2026 bis zum 04.05.2026 statt. Teilnahmeschluss ist Montag, der 04.05.2026 um 12:00 Uhr. 1.2. Veranstalter des Gewinnspiels und verantwortlich f\u00fcr dessen Planung, Organisation und Durchf\u00fchrung ist die TUI Deutschland GmbH, Karl-Wiechert-Allee 23, D-30625 Hannover, (nachstehend: \u201eTUI\u201c). 1.3. Die Teilnahme an diesem Gewinnspiel<\/p>\n","protected":false},"author":145,"featured_media":0,"parent":0,"menu_order":0,"comment_status":"closed","ping_status":"closed","template":"","meta":{"_acf_changed":false,"footnotes":""},"class_list":["post-486772","page","type-page","status-publish"],"acf":[],"yoast_head":"<!-- This site is optimized with the Yoast SEO plugin v27.4 - https:\/\/yoast.com\/product\/yoast-seo-wordpress\/ -->\n<title>Teilnahmebedingungen f\u00fcr das TUI MAGIC LIFE Plimmiri Gewinnspiel - TUI.com Reiseblog \u2600<\/title>\n<meta name=\"robots\" content=\"index, follow, max-snippet:-1, max-image-preview:large, max-video-preview:-1\" \/>\n<link rel=\"canonical\" href=\"https:\/\/www.tui.com\/blog\/teilnahmebedingungen-fuer-das-tui-magic-life-plimmiri-gewinnspiel\/\" \/>\n<meta property=\"og:locale\" content=\"de_DE\" \/>\n<meta property=\"og:type\" content=\"article\" \/>\n<meta property=\"og:title\" content=\"Teilnahmebedingungen f\u00fcr das TUI MAGIC LIFE Plimmiri Gewinnspiel - TUI.com Reiseblog \u2600\" \/>\n<meta property=\"og:description\" content=\"1. Gewinnspiel, Teilnahmebedingungen 1.1. Das Gewinnspiel findet vom 26.04.2026 bis zum 04.05.2026 statt. Teilnahmeschluss ist Montag, der 04.05.2026 um 12:00 Uhr. 1.2. Veranstalter des Gewinnspiels und verantwortlich f\u00fcr dessen Planung, Organisation und Durchf\u00fchrung ist die TUI Deutschland GmbH, Karl-Wiechert-Allee 23, D-30625 Hannover, (nachstehend: \u201eTUI\u201c). 1.3. Die Teilnahme an diesem Gewinnspiel\" \/>\n<meta property=\"og:url\" content=\"https:\/\/www.tui.com\/blog\/teilnahmebedingungen-fuer-das-tui-magic-life-plimmiri-gewinnspiel\/\" \/>\n<meta property=\"og:site_name\" content=\"TUI.com Reiseblog \u2600\" \/>\n<meta property=\"article:modified_time\" content=\"2026-04-22T09:52:11+00:00\" \/>\n<meta name=\"twitter:card\" content=\"summary_large_image\" \/>\n<meta name=\"twitter:label1\" content=\"Gesch\u00e4tzte Lesezeit\" \/>\n\t<meta name=\"twitter:data1\" content=\"4\u00a0Minuten\" \/>\n<script type=\"application\/ld+json\" class=\"yoast-schema-graph\">{\"@context\":\"https:\\\/\\\/schema.org\",\"@graph\":[{\"@type\":\"WebPage\",\"@id\":\"https:\\\/\\\/www.tui.com\\\/blog\\\/teilnahmebedingungen-fuer-das-tui-magic-life-plimmiri-gewinnspiel\\\/\",\"url\":\"https:\\\/\\\/www.tui.com\\\/blog\\\/teilnahmebedingungen-fuer-das-tui-magic-life-plimmiri-gewinnspiel\\\/\",\"name\":\"Teilnahmebedingungen f\u00fcr das TUI MAGIC LIFE Plimmiri Gewinnspiel - TUI.com Reiseblog \u2600\",\"isPartOf\":{\"@id\":\"https:\\\/\\\/www.tui.com\\\/blog\\\/#website\"},\"datePublished\":\"2026-04-22T08:37:20+00:00\",\"dateModified\":\"2026-04-22T09:52:11+00:00\",\"breadcrumb\":{\"@id\":\"https:\\\/\\\/www.tui.com\\\/blog\\\/teilnahmebedingungen-fuer-das-tui-magic-life-plimmiri-gewinnspiel\\\/#breadcrumb\"},\"inLanguage\":\"de\",\"potentialAction\":[{\"@type\":\"ReadAction\",\"target\":[\"https:\\\/\\\/www.tui.com\\\/blog\\\/teilnahmebedingungen-fuer-das-tui-magic-life-plimmiri-gewinnspiel\\\/\"]}]},{\"@type\":\"BreadcrumbList\",\"@id\":\"https:\\\/\\\/www.tui.com\\\/blog\\\/teilnahmebedingungen-fuer-das-tui-magic-life-plimmiri-gewinnspiel\\\/#breadcrumb\",\"itemListElement\":[{\"@type\":\"ListItem\",\"position\":1,\"name\":\"Startseite\",\"item\":\"https:\\\/\\\/www.tui.com\\\/blog\\\/\"},{\"@type\":\"ListItem\",\"position\":2,\"name\":\"Teilnahmebedingungen f\u00fcr das TUI MAGIC LIFE Plimmiri Gewinnspiel\"}]},{\"@type\":\"WebSite\",\"@id\":\"https:\\\/\\\/www.tui.com\\\/blog\\\/#website\",\"url\":\"https:\\\/\\\/www.tui.com\\\/blog\\\/\",\"name\":\"TUI.com Reiseblog \u2600\",\"description\":\"Abenteuer oder lieber an den Strand? \u2600 Der TUI Reiseblog bietet tolle Infos rund um deine n\u00e4chste Reise \u2708 Komm vorbei und lass dich inspirieren \u221a\",\"publisher\":{\"@id\":\"https:\\\/\\\/www.tui.com\\\/blog\\\/#organization\"},\"potentialAction\":[{\"@type\":\"SearchAction\",\"target\":{\"@type\":\"EntryPoint\",\"urlTemplate\":\"https:\\\/\\\/www.tui.com\\\/blog\\\/?s={search_term_string}\"},\"query-input\":{\"@type\":\"PropertyValueSpecification\",\"valueRequired\":true,\"valueName\":\"search_term_string\"}}],\"inLanguage\":\"de\"},{\"@type\":\"Organization\",\"@id\":\"https:\\\/\\\/www.tui.com\\\/blog\\\/#organization\",\"name\":\"TUI.com Reiseblog \u2600\",\"url\":\"https:\\\/\\\/www.tui.com\\\/blog\\\/\",\"logo\":{\"@type\":\"ImageObject\",\"inLanguage\":\"de\",\"@id\":\"https:\\\/\\\/www.tui.com\\\/blog\\\/#\\\/schema\\\/logo\\\/image\\\/\",\"url\":\"https:\\\/\\\/www.tui.com\\\/blog\\\/wp-content\\\/uploads\\\/2023\\\/04\\\/cropped-tui-logo-3.png\",\"contentUrl\":\"https:\\\/\\\/www.tui.com\\\/blog\\\/wp-content\\\/uploads\\\/2023\\\/04\\\/cropped-tui-logo-3.png\",\"width\":164,\"height\":72,\"caption\":\"TUI.com Reiseblog \u2600\"},\"image\":{\"@id\":\"https:\\\/\\\/www.tui.com\\\/blog\\\/#\\\/schema\\\/logo\\\/image\\\/\"}}]}<\/script>\n<!-- \/ Yoast SEO plugin. -->","yoast_head_json":{"title":"Teilnahmebedingungen f\u00fcr das TUI MAGIC LIFE Plimmiri Gewinnspiel - TUI.com Reiseblog \u2600","robots":{"index":"index","follow":"follow","max-snippet":"max-snippet:-1","max-image-preview":"max-image-preview:large","max-video-preview":"max-video-preview:-1"},"canonical":"https:\/\/www.tui.com\/blog\/teilnahmebedingungen-fuer-das-tui-magic-life-plimmiri-gewinnspiel\/","og_locale":"de_DE","og_type":"article","og_title":"Teilnahmebedingungen f\u00fcr das TUI MAGIC LIFE Plimmiri Gewinnspiel - TUI.com Reiseblog \u2600","og_description":"1. Gewinnspiel, Teilnahmebedingungen 1.1. Das Gewinnspiel findet vom 26.04.2026 bis zum 04.05.2026 statt. Teilnahmeschluss ist Montag, der 04.05.2026 um 12:00 Uhr. 1.2. Veranstalter des Gewinnspiels und verantwortlich f\u00fcr dessen Planung, Organisation und Durchf\u00fchrung ist die TUI Deutschland GmbH, Karl-Wiechert-Allee 23, D-30625 Hannover, (nachstehend: \u201eTUI\u201c). 1.3. Die Teilnahme an diesem Gewinnspiel","og_url":"https:\/\/www.tui.com\/blog\/teilnahmebedingungen-fuer-das-tui-magic-life-plimmiri-gewinnspiel\/","og_site_name":"TUI.com Reiseblog \u2600","article_modified_time":"2026-04-22T09:52:11+00:00","twitter_card":"summary_large_image","twitter_misc":{"Gesch\u00e4tzte Lesezeit":"4\u00a0Minuten"},"schema":{"@context":"https:\/\/schema.org","@graph":[{"@type":"WebPage","@id":"https:\/\/www.tui.com\/blog\/teilnahmebedingungen-fuer-das-tui-magic-life-plimmiri-gewinnspiel\/","url":"https:\/\/www.tui.com\/blog\/teilnahmebedingungen-fuer-das-tui-magic-life-plimmiri-gewinnspiel\/","name":"Teilnahmebedingungen f\u00fcr das TUI MAGIC LIFE Plimmiri Gewinnspiel - TUI.com Reiseblog \u2600","isPartOf":{"@id":"https:\/\/www.tui.com\/blog\/#website"},"datePublished":"2026-04-22T08:37:20+00:00","dateModified":"2026-04-22T09:52:11+00:00","breadcrumb":{"@id":"https:\/\/www.tui.com\/blog\/teilnahmebedingungen-fuer-das-tui-magic-life-plimmiri-gewinnspiel\/#breadcrumb"},"inLanguage":"de","potentialAction":[{"@type":"ReadAction","target":["https:\/\/www.tui.com\/blog\/teilnahmebedingungen-fuer-das-tui-magic-life-plimmiri-gewinnspiel\/"]}]},{"@type":"BreadcrumbList","@id":"https:\/\/www.tui.com\/blog\/teilnahmebedingungen-fuer-das-tui-magic-life-plimmiri-gewinnspiel\/#breadcrumb","itemListElement":[{"@type":"ListItem","position":1,"name":"Startseite","item":"https:\/\/www.tui.com\/blog\/"},{"@type":"ListItem","position":2,"name":"Teilnahmebedingungen f\u00fcr das TUI MAGIC LIFE Plimmiri Gewinnspiel"}]},{"@type":"WebSite","@id":"https:\/\/www.tui.com\/blog\/#website","url":"https:\/\/www.tui.com\/blog\/","name":"TUI.com Reiseblog \u2600","description":"Abenteuer oder lieber an den Strand? \u2600 Der TUI Reiseblog bietet tolle Infos rund um deine n\u00e4chste Reise \u2708 Komm vorbei und lass dich inspirieren \u221a","publisher":{"@id":"https:\/\/www.tui.com\/blog\/#organization"},"potentialAction":[{"@type":"SearchAction","target":{"@type":"EntryPoint","urlTemplate":"https:\/\/www.tui.com\/blog\/?s={search_term_string}"},"query-input":{"@type":"PropertyValueSpecification","valueRequired":true,"valueName":"search_term_string"}}],"inLanguage":"de"},{"@type":"Organization","@id":"https:\/\/www.tui.com\/blog\/#organization","name":"TUI.com Reiseblog \u2600","url":"https:\/\/www.tui.com\/blog\/","logo":{"@type":"ImageObject","inLanguage":"de","@id":"https:\/\/www.tui.com\/blog\/#\/schema\/logo\/image\/","url":"https:\/\/www.tui.com\/blog\/wp-content\/uploads\/2023\/04\/cropped-tui-logo-3.png","contentUrl":"https:\/\/www.tui.com\/blog\/wp-content\/uploads\/2023\/04\/cropped-tui-logo-3.png","width":164,"height":72,"caption":"TUI.com Reiseblog \u2600"},"image":{"@id":"https:\/\/www.tui.com\/blog\/#\/schema\/logo\/image\/"}}]}},"_links":{"self":[{"href":"https:\/\/www.tui.com\/blog\/wp-json\/wp\/v2\/pages\/486772","targetHints":{"allow":["GET"]}}],"collection":[{"href":"https:\/\/www.tui.com\/blog\/wp-json\/wp\/v2\/pages"}],"about":[{"href":"https:\/\/www.tui.com\/blog\/wp-json\/wp\/v2\/types\/page"}],"author":[{"embeddable":true,"href":"https:\/\/www.tui.com\/blog\/wp-json\/wp\/v2\/users\/145"}],"replies":[{"embeddable":true,"href":"https:\/\/www.tui.com\/blog\/wp-json\/wp\/v2\/comments?post=486772"}],"version-history":[{"count":4,"href":"https:\/\/www.tui.com\/blog\/wp-json\/wp\/v2\/pages\/486772\/revisions"}],"predecessor-version":[{"id":504480,"href":"https:\/\/www.tui.com\/blog\/wp-json\/wp\/v2\/pages\/486772\/revisions\/504480"}],"wp:attachment":[{"href":"https:\/\/www.tui.com\/blog\/wp-json\/wp\/v2\/media?parent=486772"}],"curies":[{"name":"wp","href":"https:\/\/api.w.org\/{rel}","templated":true}]}}