{"id":97052,"date":"2014-07-21T14:07:47","date_gmt":"2014-07-21T12:07:47","guid":{"rendered":"https:\/\/blog.tui.info\/gewinnspiele\/"},"modified":"2025-11-28T13:59:36","modified_gmt":"2025-11-28T12:59:36","slug":"gewinnspiele","status":"publish","type":"page","link":"https:\/\/www.tui.com\/blog\/gewinnspiele\/","title":{"rendered":"Gewinnspiele"},"content":{"rendered":"<h2 class=\"firstTextGrey\">Reisegewinnspiele<\/h2>\n<p>TUI Blog Leser werden lohnt sich! In unseren Artikeln verstecken sich regelm\u00e4\u00dfig Reisegewinnspiele. Mit etwas Gl\u00fcck seid ihr vielleicht der n\u00e4chste Gewinner! Hier haben wir f\u00fcr euch alle unsere aktuellen Reisegewinnspiele zusammengefasst:<\/p>\n\n","protected":false},"excerpt":{"rendered":"<p>Reisegewinnspiele TUI Blog Leser werden lohnt sich! In unseren Artikeln verstecken sich regelm\u00e4\u00dfig Reisegewinnspiele. Mit etwas Gl\u00fcck seid ihr vielleicht der n\u00e4chste Gewinner! Hier haben wir f\u00fcr euch alle unsere aktuellen Reisegewinnspiele zusammengefasst:<\/p>\n","protected":false},"author":86,"featured_media":181614,"parent":0,"menu_order":0,"comment_status":"closed","ping_status":"open","template":"","meta":{"_acf_changed":false,"footnotes":""},"class_list":["post-97052","page","type-page","status-publish","has-post-thumbnail"],"acf":[],"yoast_head":"<!-- This site is optimized with the Yoast SEO plugin v27.4 - https:\/\/yoast.com\/product\/yoast-seo-wordpress\/ -->\n<title>Reisegewinnspiele TUI Blog \u2013 Jetzt Reisegutscheine gewinnen<\/title>\n<meta name=\"description\" content=\"TUI Blog Leser werden belohnt! Hier haben wir f\u00fcr euch alle unsere Reisegewinnspiele zusammengefasst. Jetzt mitmachen und gewinnen!\" \/>\n<meta name=\"robots\" content=\"index, follow, max-snippet:-1, max-image-preview:large, max-video-preview:-1\" \/>\n<link rel=\"canonical\" href=\"https:\/\/www.tui.com\/blog\/gewinnspiele\/\" \/>\n<meta property=\"og:locale\" content=\"de_DE\" \/>\n<meta property=\"og:type\" content=\"article\" \/>\n<meta property=\"og:title\" content=\"Reisegewinnspiele TUI Blog \u2013 Jetzt Reisegutscheine gewinnen\" \/>\n<meta property=\"og:description\" content=\"TUI Blog Leser werden belohnt! Hier haben wir f\u00fcr euch alle unsere Reisegewinnspiele zusammengefasst. Jetzt mitmachen und gewinnen!\" \/>\n<meta property=\"og:url\" content=\"https:\/\/www.tui.com\/blog\/gewinnspiele\/\" \/>\n<meta property=\"og:site_name\" content=\"TUI.com Reiseblog \u2600\" \/>\n<meta property=\"article:modified_time\" content=\"2025-11-28T12:59:36+00:00\" \/>\n<meta property=\"og:image\" content=\"https:\/\/www.tui.com\/blog\/wp-content\/uploads\/2023\/04\/thailand-gewinnspiel-2.jpg\" \/>\n\t<meta property=\"og:image:width\" content=\"1400\" \/>\n\t<meta property=\"og:image:height\" content=\"788\" \/>\n\t<meta property=\"og:image:type\" content=\"image\/jpeg\" \/>\n<meta name=\"twitter:card\" content=\"summary_large_image\" \/>\n<meta name=\"twitter:label1\" content=\"Gesch\u00e4tzte Lesezeit\" \/>\n\t<meta name=\"twitter:data1\" content=\"1\u00a0Minute\" \/>\n<script type=\"application\/ld+json\" class=\"yoast-schema-graph\">{\"@context\":\"https:\\\/\\\/schema.org\",\"@graph\":[{\"@type\":\"WebPage\",\"@id\":\"https:\\\/\\\/www.tui.com\\\/blog\\\/gewinnspiele\\\/\",\"url\":\"https:\\\/\\\/www.tui.com\\\/blog\\\/gewinnspiele\\\/\",\"name\":\"Reisegewinnspiele TUI Blog \u2013 Jetzt Reisegutscheine gewinnen\",\"isPartOf\":{\"@id\":\"https:\\\/\\\/www.tui.com\\\/blog\\\/#website\"},\"primaryImageOfPage\":{\"@id\":\"https:\\\/\\\/www.tui.com\\\/blog\\\/gewinnspiele\\\/#primaryimage\"},\"image\":{\"@id\":\"https:\\\/\\\/www.tui.com\\\/blog\\\/gewinnspiele\\\/#primaryimage\"},\"thumbnailUrl\":\"https:\\\/\\\/www.tui.com\\\/blog\\\/wp-content\\\/uploads\\\/2023\\\/04\\\/thailand-gewinnspiel-2.jpg\",\"datePublished\":\"2014-07-21T12:07:47+00:00\",\"dateModified\":\"2025-11-28T12:59:36+00:00\",\"description\":\"TUI Blog Leser werden belohnt! Hier haben wir f\u00fcr euch alle unsere Reisegewinnspiele zusammengefasst. Jetzt mitmachen und gewinnen!\",\"breadcrumb\":{\"@id\":\"https:\\\/\\\/www.tui.com\\\/blog\\\/gewinnspiele\\\/#breadcrumb\"},\"inLanguage\":\"de\",\"potentialAction\":[{\"@type\":\"ReadAction\",\"target\":[\"https:\\\/\\\/www.tui.com\\\/blog\\\/gewinnspiele\\\/\"]}]},{\"@type\":\"ImageObject\",\"inLanguage\":\"de\",\"@id\":\"https:\\\/\\\/www.tui.com\\\/blog\\\/gewinnspiele\\\/#primaryimage\",\"url\":\"https:\\\/\\\/www.tui.com\\\/blog\\\/wp-content\\\/uploads\\\/2023\\\/04\\\/thailand-gewinnspiel-2.jpg\",\"contentUrl\":\"https:\\\/\\\/www.tui.com\\\/blog\\\/wp-content\\\/uploads\\\/2023\\\/04\\\/thailand-gewinnspiel-2.jpg\",\"width\":1400,\"height\":788},{\"@type\":\"BreadcrumbList\",\"@id\":\"https:\\\/\\\/www.tui.com\\\/blog\\\/gewinnspiele\\\/#breadcrumb\",\"itemListElement\":[{\"@type\":\"ListItem\",\"position\":1,\"name\":\"Startseite\",\"item\":\"https:\\\/\\\/www.tui.com\\\/blog\\\/\"},{\"@type\":\"ListItem\",\"position\":2,\"name\":\"Gewinnspiele\"}]},{\"@type\":\"WebSite\",\"@id\":\"https:\\\/\\\/www.tui.com\\\/blog\\\/#website\",\"url\":\"https:\\\/\\\/www.tui.com\\\/blog\\\/\",\"name\":\"TUI.com Reiseblog \u2600\",\"description\":\"Abenteuer oder lieber an den Strand? \u2600 Der TUI Reiseblog bietet tolle Infos rund um deine n\u00e4chste Reise \u2708 Komm vorbei und lass dich inspirieren \u221a\",\"publisher\":{\"@id\":\"https:\\\/\\\/www.tui.com\\\/blog\\\/#organization\"},\"potentialAction\":[{\"@type\":\"SearchAction\",\"target\":{\"@type\":\"EntryPoint\",\"urlTemplate\":\"https:\\\/\\\/www.tui.com\\\/blog\\\/?s={search_term_string}\"},\"query-input\":{\"@type\":\"PropertyValueSpecification\",\"valueRequired\":true,\"valueName\":\"search_term_string\"}}],\"inLanguage\":\"de\"},{\"@type\":\"Organization\",\"@id\":\"https:\\\/\\\/www.tui.com\\\/blog\\\/#organization\",\"name\":\"TUI.com Reiseblog \u2600\",\"url\":\"https:\\\/\\\/www.tui.com\\\/blog\\\/\",\"logo\":{\"@type\":\"ImageObject\",\"inLanguage\":\"de\",\"@id\":\"https:\\\/\\\/www.tui.com\\\/blog\\\/#\\\/schema\\\/logo\\\/image\\\/\",\"url\":\"https:\\\/\\\/www.tui.com\\\/blog\\\/wp-content\\\/uploads\\\/2023\\\/04\\\/cropped-tui-logo-3.png\",\"contentUrl\":\"https:\\\/\\\/www.tui.com\\\/blog\\\/wp-content\\\/uploads\\\/2023\\\/04\\\/cropped-tui-logo-3.png\",\"width\":164,\"height\":72,\"caption\":\"TUI.com Reiseblog \u2600\"},\"image\":{\"@id\":\"https:\\\/\\\/www.tui.com\\\/blog\\\/#\\\/schema\\\/logo\\\/image\\\/\"}}]}<\/script>\n<!-- \/ Yoast SEO plugin. -->","yoast_head_json":{"title":"Reisegewinnspiele TUI Blog \u2013 Jetzt Reisegutscheine gewinnen","description":"TUI Blog Leser werden belohnt! Hier haben wir f\u00fcr euch alle unsere Reisegewinnspiele zusammengefasst. Jetzt mitmachen und gewinnen!","robots":{"index":"index","follow":"follow","max-snippet":"max-snippet:-1","max-image-preview":"max-image-preview:large","max-video-preview":"max-video-preview:-1"},"canonical":"https:\/\/www.tui.com\/blog\/gewinnspiele\/","og_locale":"de_DE","og_type":"article","og_title":"Reisegewinnspiele TUI Blog \u2013 Jetzt Reisegutscheine gewinnen","og_description":"TUI Blog Leser werden belohnt! Hier haben wir f\u00fcr euch alle unsere Reisegewinnspiele zusammengefasst. Jetzt mitmachen und gewinnen!","og_url":"https:\/\/www.tui.com\/blog\/gewinnspiele\/","og_site_name":"TUI.com Reiseblog \u2600","article_modified_time":"2025-11-28T12:59:36+00:00","og_image":[{"width":1400,"height":788,"url":"https:\/\/www.tui.com\/blog\/wp-content\/uploads\/2023\/04\/thailand-gewinnspiel-2.jpg","type":"image\/jpeg"}],"twitter_card":"summary_large_image","twitter_misc":{"Gesch\u00e4tzte Lesezeit":"1\u00a0Minute"},"schema":{"@context":"https:\/\/schema.org","@graph":[{"@type":"WebPage","@id":"https:\/\/www.tui.com\/blog\/gewinnspiele\/","url":"https:\/\/www.tui.com\/blog\/gewinnspiele\/","name":"Reisegewinnspiele TUI Blog \u2013 Jetzt Reisegutscheine gewinnen","isPartOf":{"@id":"https:\/\/www.tui.com\/blog\/#website"},"primaryImageOfPage":{"@id":"https:\/\/www.tui.com\/blog\/gewinnspiele\/#primaryimage"},"image":{"@id":"https:\/\/www.tui.com\/blog\/gewinnspiele\/#primaryimage"},"thumbnailUrl":"https:\/\/www.tui.com\/blog\/wp-content\/uploads\/2023\/04\/thailand-gewinnspiel-2.jpg","datePublished":"2014-07-21T12:07:47+00:00","dateModified":"2025-11-28T12:59:36+00:00","description":"TUI Blog Leser werden belohnt! Hier haben wir f\u00fcr euch alle unsere Reisegewinnspiele zusammengefasst. Jetzt mitmachen und gewinnen!","breadcrumb":{"@id":"https:\/\/www.tui.com\/blog\/gewinnspiele\/#breadcrumb"},"inLanguage":"de","potentialAction":[{"@type":"ReadAction","target":["https:\/\/www.tui.com\/blog\/gewinnspiele\/"]}]},{"@type":"ImageObject","inLanguage":"de","@id":"https:\/\/www.tui.com\/blog\/gewinnspiele\/#primaryimage","url":"https:\/\/www.tui.com\/blog\/wp-content\/uploads\/2023\/04\/thailand-gewinnspiel-2.jpg","contentUrl":"https:\/\/www.tui.com\/blog\/wp-content\/uploads\/2023\/04\/thailand-gewinnspiel-2.jpg","width":1400,"height":788},{"@type":"BreadcrumbList","@id":"https:\/\/www.tui.com\/blog\/gewinnspiele\/#breadcrumb","itemListElement":[{"@type":"ListItem","position":1,"name":"Startseite","item":"https:\/\/www.tui.com\/blog\/"},{"@type":"ListItem","position":2,"name":"Gewinnspiele"}]},{"@type":"WebSite","@id":"https:\/\/www.tui.com\/blog\/#website","url":"https:\/\/www.tui.com\/blog\/","name":"TUI.com Reiseblog \u2600","description":"Abenteuer oder lieber an den Strand? \u2600 Der TUI Reiseblog bietet tolle Infos rund um deine n\u00e4chste Reise \u2708 Komm vorbei und lass dich inspirieren \u221a","publisher":{"@id":"https:\/\/www.tui.com\/blog\/#organization"},"potentialAction":[{"@type":"SearchAction","target":{"@type":"EntryPoint","urlTemplate":"https:\/\/www.tui.com\/blog\/?s={search_term_string}"},"query-input":{"@type":"PropertyValueSpecification","valueRequired":true,"valueName":"search_term_string"}}],"inLanguage":"de"},{"@type":"Organization","@id":"https:\/\/www.tui.com\/blog\/#organization","name":"TUI.com Reiseblog \u2600","url":"https:\/\/www.tui.com\/blog\/","logo":{"@type":"ImageObject","inLanguage":"de","@id":"https:\/\/www.tui.com\/blog\/#\/schema\/logo\/image\/","url":"https:\/\/www.tui.com\/blog\/wp-content\/uploads\/2023\/04\/cropped-tui-logo-3.png","contentUrl":"https:\/\/www.tui.com\/blog\/wp-content\/uploads\/2023\/04\/cropped-tui-logo-3.png","width":164,"height":72,"caption":"TUI.com Reiseblog \u2600"},"image":{"@id":"https:\/\/www.tui.com\/blog\/#\/schema\/logo\/image\/"}}]}},"_links":{"self":[{"href":"https:\/\/www.tui.com\/blog\/wp-json\/wp\/v2\/pages\/97052","targetHints":{"allow":["GET"]}}],"collection":[{"href":"https:\/\/www.tui.com\/blog\/wp-json\/wp\/v2\/pages"}],"about":[{"href":"https:\/\/www.tui.com\/blog\/wp-json\/wp\/v2\/types\/page"}],"author":[{"embeddable":true,"href":"https:\/\/www.tui.com\/blog\/wp-json\/wp\/v2\/users\/86"}],"replies":[{"embeddable":true,"href":"https:\/\/www.tui.com\/blog\/wp-json\/wp\/v2\/comments?post=97052"}],"version-history":[{"count":8,"href":"https:\/\/www.tui.com\/blog\/wp-json\/wp\/v2\/pages\/97052\/revisions"}],"predecessor-version":[{"id":493454,"href":"https:\/\/www.tui.com\/blog\/wp-json\/wp\/v2\/pages\/97052\/revisions\/493454"}],"wp:featuredmedia":[{"embeddable":true,"href":"https:\/\/www.tui.com\/blog\/wp-json\/wp\/v2\/media\/181614"}],"wp:attachment":[{"href":"https:\/\/www.tui.com\/blog\/wp-json\/wp\/v2\/media?parent=97052"}],"curies":[{"name":"wp","href":"https:\/\/api.w.org\/{rel}","templated":true}]}}